{"id":923,"date":"2024-10-07T10:38:19","date_gmt":"2024-10-07T14:38:19","guid":{"rendered":"https:\/\/www.celiacosmas.cl\/?page_id=923"},"modified":"2024-11-11T09:29:41","modified_gmt":"2024-11-11T13:29:41","slug":"kids-parents-4","status":"publish","type":"page","link":"https:\/\/www.celiacosmas.cl\/?page_id=923","title":{"rendered":"GRUPOS DE RIESGO"},"content":{"rendered":"<div class=\"wpb-content-wrapper\"><p>[vc_row][vc_column width=&#8221;1\/2&#8243;][vc_column_text css=&#8221;&#8221;]Son todas aquellas personas que tienen mayor riesgo a padecer la enfermedad, aunque no presenten s\u00edntomas:[\/vc_column_text]<div id=\"ultimate-heading-945369dee871bf653\" class=\"uvc-heading ult-adjust-bottom-margin ultimate-heading-945369dee871bf653 uvc-8000  uvc-heading-default-font-sizes\" data-hspacer=\"no_spacer\"  data-halign=\"left\" style=\"text-align:left\"><div class=\"uvc-heading-spacer no_spacer\" style=\"top\"><\/div><div class=\"uvc-main-heading ult-responsive\"  data-ultimate-target='.uvc-heading.ultimate-heading-945369dee871bf653 h2'  data-responsive-json-new='{\"font-size\":\"\",\"line-height\":\"\"}' ><h2 style=\"--font-weight:theme;margin-top:50px;margin-bottom:20px;\">Familiares de Primer Grado<\/h2><\/div><\/div>[vc_column_text css=&#8221;&#8221;]El fuerte factor gen\u00e9tico de la enfermedad cel\u00edaca hace que sea imperante que todos los miembros de la familia inmediata sean examinados despu\u00e9s del diagn\u00f3stico de un miembro de la familia. Esto se refiere a padres, hermanos e hijos, que tienen una mayor probabilidad de tener tambi\u00e9n los genes asociados con la enfermedad cel\u00edaca (HLA-DQ2 y HLA-DQ8).[\/vc_column_text][\/vc_column][vc_column width=&#8221;1\/2&#8243;][vc_single_image image=&#8221;941&#8243; img_size=&#8221;350&#215;250&#8243; alignment=&#8221;center&#8221; css=&#8221;&#8221;][\/vc_column][\/vc_row][vc_row][vc_column]<div id=\"ultimate-heading-319669dee871bf680\" class=\"uvc-heading ult-adjust-bottom-margin ultimate-heading-319669dee871bf680 uvc-1151  uvc-heading-default-font-sizes\" data-hspacer=\"no_spacer\"  data-halign=\"left\" style=\"text-align:left\"><div class=\"uvc-heading-spacer no_spacer\" style=\"top\"><\/div><div class=\"uvc-main-heading ult-responsive\"  data-ultimate-target='.uvc-heading.ultimate-heading-319669dee871bf680 h2'  data-responsive-json-new='{\"font-size\":\"\",\"line-height\":\"\"}' ><h2 style=\"--font-weight:theme;margin-top:50px;margin-bottom:20px;\">Enfermedades y Condiciones Asociadas<\/h2><\/div><\/div>[vc_column_text css=&#8221;&#8221;]Se sugiere que quienes presentes alguna de estas enfermedades o condiciones consulten a su m\u00e9dico por la estrecha relaci\u00f3n que existe con la celiaqu\u00eda.[\/vc_column_text][vc_empty_space][vc_column_text css=&#8221;&#8221;]<\/p>\n<ul>\n<li>Dermatitis herpetiforme<\/li>\n<li>Hepatitis autoinmune<\/li>\n<li>Tiroiditis autoinmune (Graves o Hashimoto)<\/li>\n<li>Diabetes Mellitus tipo 1<\/li>\n<li>S\u00edndrome de Sj\u00f6gren<\/li>\n<li>Artritis cr\u00f3nica juvenil<\/li>\n<li>Nefropat\u00eda por IgA<\/li>\n<li>D\u00e9ficit selectivo de IgA<\/li>\n<li>S\u00edndrome de Down<\/li>\n<li>S\u00edndrome de Turner<\/li>\n<li>S\u00edndrome de Williams<\/li>\n<li>Infertilidad de causa no precisada<\/li>\n<li>Epilepsia y calcificaciones occipitales<\/li>\n<li>Enfermedad de Addison<\/li>\n<li>Esclerosis M\u00faltiple<\/li>\n<\/ul>\n<p>[\/vc_column_text][\/vc_column][\/vc_row][vc_row][vc_column][vc_empty_space][\/vc_column][\/vc_row][vc_row][vc_column width=&#8221;1\/6&#8243;]<style type=\"text\/css\" data-type=\"the7_shortcodes-inline-css\">#default-btn-43cd90147aa96019ff614d255586cd0a.ico-right-side > i {\n  margin-right: 0px;\n  margin-left: 8px;\n}\n#default-btn-43cd90147aa96019ff614d255586cd0a > i {\n  margin-right: 8px;\n}\n<\/style><a href=\"https:\/\/www.celiacosmas.cl\/?page_id=55\" class=\"default-btn-shortcode dt-btn dt-btn-m link-hover-off btn-inline-left \" id=\"default-btn-43cd90147aa96019ff614d255586cd0a\" title=\"ENFERMEDAD CEL\u00cdACA\"><span>E. CEL\u00cdACA<\/span><\/a>[\/vc_column][vc_column width=&#8221;1\/6&#8243;]<style type=\"text\/css\" data-type=\"the7_shortcodes-inline-css\">#default-btn-d4d6c3d0db947fc7e097cbb0cdb1e62f.ico-right-side > i {\n  margin-right: 0px;\n  margin-left: 8px;\n}\n#default-btn-d4d6c3d0db947fc7e097cbb0cdb1e62f > i {\n  margin-right: 8px;\n}\n<\/style><a href=\"https:\/\/www.celiacosmas.cl\/?page_id=911\" class=\"default-btn-shortcode dt-btn dt-btn-m link-hover-off btn-inline-left \" id=\"default-btn-d4d6c3d0db947fc7e097cbb0cdb1e62f\" title=\"S\u00cdNTOMAS\"><span>S\u00cdNTOMAS<\/span><\/a>[\/vc_column][vc_column width=&#8221;1\/6&#8243;]<style type=\"text\/css\" data-type=\"the7_shortcodes-inline-css\">#default-btn-5384b0da966a501528d9e33c8b639c00.ico-right-side > i {\n  margin-right: 0px;\n  margin-left: 8px;\n}\n#default-btn-5384b0da966a501528d9e33c8b639c00 > i {\n  margin-right: 8px;\n}\n<\/style><a href=\"https:\/\/www.celiacosmas.cl\/?page_id=919\" class=\"default-btn-shortcode dt-btn dt-btn-m link-hover-off btn-inline-left \" id=\"default-btn-5384b0da966a501528d9e33c8b639c00\" title=\"DIAGNOSTICO\"><span>DIAGN\u00d3STICO<\/span><\/a>[\/vc_column][vc_column width=&#8221;1\/6&#8243;]<style type=\"text\/css\" data-type=\"the7_shortcodes-inline-css\">#default-btn-ed96661c69fa6b7f0d7f11eaef487f8d.ico-right-side > i {\n  margin-right: 0px;\n  margin-left: 8px;\n}\n#default-btn-ed96661c69fa6b7f0d7f11eaef487f8d > i {\n  margin-right: 8px;\n}\n<\/style><a href=\"https:\/\/www.celiacosmas.cl\/?page_id=54\" class=\"default-btn-shortcode dt-btn dt-btn-m link-hover-off btn-inline-left \" id=\"default-btn-ed96661c69fa6b7f0d7f11eaef487f8d\" title=\"GLUTEN\"><span>GLUTEN<\/span><\/a>[\/vc_column][vc_column width=&#8221;1\/6&#8243;]<style type=\"text\/css\" data-type=\"the7_shortcodes-inline-css\">#default-btn-e2833df2a5570d2f1290207feff255c2.ico-right-side > i {\n  margin-right: 0px;\n  margin-left: 8px;\n}\n#default-btn-e2833df2a5570d2f1290207feff255c2 > i {\n  margin-right: 8px;\n}\n<\/style><a href=\"https:\/\/www.celiacosmas.cl\/?page_id=41\" class=\"default-btn-shortcode dt-btn dt-btn-m link-hover-off btn-inline-left \" id=\"default-btn-e2833df2a5570d2f1290207feff255c2\" title=\"NUTRICI\u00d3N\"><span>NUTRICI\u00d3N<\/span><\/a>[\/vc_column][vc_column width=&#8221;1\/6&#8243;]<style type=\"text\/css\" data-type=\"the7_shortcodes-inline-css\">#default-btn-b6eda39876749c842ba7a6cd2267c8e8.ico-right-side > i {\n  margin-right: 0px;\n  margin-left: 8px;\n}\n#default-btn-b6eda39876749c842ba7a6cd2267c8e8 > i {\n  margin-right: 8px;\n}\n<\/style><a href=\"https:\/\/www.celiacosmas.cl\/?page_id=1101\" class=\"default-btn-shortcode dt-btn dt-btn-m link-hover-off btn-inline-left \" id=\"default-btn-b6eda39876749c842ba7a6cd2267c8e8\" title=\"NUTRICI\u00d3N\"><span>CONTAMINACI\u00d3N<\/span><\/a>[\/vc_column][\/vc_row][vc_section][\/vc_section][vc_row][vc_column][\/vc_column][\/vc_row][vc_row][vc_column][\/vc_column][\/vc_row]<\/p>\n<\/div>","protected":false},"excerpt":{"rendered":"<p>[vc_row][vc_column width=&#8221;1\/2&#8243;][vc_column_text css=&#8221;&#8221;]Son todas aquellas personas que tienen mayor riesgo a padecer la enfermedad, aunque no presenten s\u00edntomas:[\/vc_column_text][vc_column_text css=&#8221;&#8221;]El fuerte factor gen\u00e9tico de la enfermedad cel\u00edaca hace que sea imperante que todos los miembros de la familia inmediata sean examinados despu\u00e9s del diagn\u00f3stico de un miembro de la familia. Esto se refiere a padres, hermanos&hellip;<\/p>\n","protected":false},"author":2,"featured_media":0,"parent":0,"menu_order":0,"comment_status":"closed","ping_status":"closed","template":"","meta":{"wprm-recipe-roundup-name":"","wprm-recipe-roundup-description":"","footnotes":""},"class_list":["post-923","page","type-page","status-publish","hentry","description-off"],"_links":{"self":[{"href":"https:\/\/www.celiacosmas.cl\/index.php?rest_route=\/wp\/v2\/pages\/923","targetHints":{"allow":["GET"]}}],"collection":[{"href":"https:\/\/www.celiacosmas.cl\/index.php?rest_route=\/wp\/v2\/pages"}],"about":[{"href":"https:\/\/www.celiacosmas.cl\/index.php?rest_route=\/wp\/v2\/types\/page"}],"author":[{"embeddable":true,"href":"https:\/\/www.celiacosmas.cl\/index.php?rest_route=\/wp\/v2\/users\/2"}],"replies":[{"embeddable":true,"href":"https:\/\/www.celiacosmas.cl\/index.php?rest_route=%2Fwp%2Fv2%2Fcomments&post=923"}],"version-history":[{"count":16,"href":"https:\/\/www.celiacosmas.cl\/index.php?rest_route=\/wp\/v2\/pages\/923\/revisions"}],"predecessor-version":[{"id":1131,"href":"https:\/\/www.celiacosmas.cl\/index.php?rest_route=\/wp\/v2\/pages\/923\/revisions\/1131"}],"wp:attachment":[{"href":"https:\/\/www.celiacosmas.cl\/index.php?rest_route=%2Fwp%2Fv2%2Fmedia&parent=923"}],"curies":[{"name":"wp","href":"https:\/\/api.w.org\/{rel}","templated":true}]}}