{"id":919,"date":"2024-10-07T10:32:25","date_gmt":"2024-10-07T14:32:25","guid":{"rendered":"https:\/\/www.celiacosmas.cl\/?page_id=919"},"modified":"2024-11-11T09:36:31","modified_gmt":"2024-11-11T13:36:31","slug":"kids-parents-3","status":"publish","type":"page","link":"https:\/\/www.celiacosmas.cl\/?page_id=919","title":{"rendered":"DIAGN\u00d3STICO"},"content":{"rendered":"<div class=\"wpb-content-wrapper\"><p>[vc_row][vc_column width=&#8221;1\/2&#8243;]<div id=\"ultimate-heading-958269dee9549477d\" class=\"uvc-heading ult-adjust-bottom-margin ultimate-heading-958269dee9549477d uvc-3634  uvc-heading-default-font-sizes\" data-hspacer=\"no_spacer\"  data-halign=\"left\" style=\"text-align:left\"><div class=\"uvc-heading-spacer no_spacer\" style=\"top\"><\/div><div class=\"uvc-main-heading ult-responsive\"  data-ultimate-target='.uvc-heading.ultimate-heading-958269dee9549477d h2'  data-responsive-json-new='{\"font-size\":\"\",\"line-height\":\"\"}' ><h2 style=\"font-weight:bold;margin-bottom:20px;\">Etapas del diagn\u00f3stico<\/h2><\/div><\/div>[vc_column_text css=&#8221;&#8221;]La enfermedad cel\u00edaca puede tener grandes riesgos a largo plazo si esta no es diagnosticada y tratada a tiempo. Se estima que en Chile alrededor del 90% de los cel\u00edacos a\u00fan no han sido diagnosticados.[\/vc_column_text][\/vc_column][vc_column width=&#8221;1\/2&#8243;][vc_single_image image=&#8221;920&#8243; img_size=&#8221;350&#215;250&#8243; alignment=&#8221;center&#8221; css=&#8221;&#8221;][\/vc_column][\/vc_row][vc_row][vc_column][vc_tta_accordion c_icon=&#8221;chevron&#8221; active_section=&#8221;0&#8243; collapsible_all=&#8221;true&#8221;][vc_tta_section title=&#8221;Etapa 1: Contin\u00faa consumiendo gluten&#8221; tab_id=&#8221;1726155449193-95b3899a-3ce8&#8243;][vc_column_text css=&#8221;&#8221;]Si dejas de consumir gluten antes de realizar todos los ex\u00e1menes, pueden arrojar resultados inexactos.<\/p>\n<p>Si has eliminado el gluten de tu dieta durante m\u00e1s de 6 semanas antes de los ex\u00e1menes, deber\u00e1s volver a introducir el gluten en la dieta para garantizar que los resultados sean confiables. Consulta a tu m\u00e9dico como hacerlo.[\/vc_column_text][\/vc_tta_section][vc_tta_section title=&#8221;Etapa 2: Ex\u00e1menes de sangre&#8221; tab_id=&#8221;1726155449226-cbbb571c-7a1f&#8221;][vc_column_text css=&#8221;&#8221;]Si existe sospecha cl\u00ednica (s\u00edntomas o persona de riesgo), t\u00fa m\u00e9dico solicitar\u00e1 ex\u00e1menes de sangre para la determinaci\u00f3n de la presencia de anticuerpos asociados a la EC.<\/p>\n<p>Los ex\u00e1menes de sangre m\u00e1s comunes son:<\/p>\n<p>&#8211; IgA total<\/p>\n<p>&#8211; IgA &#8211; TTG (antitransglutaminasa)<\/p>\n<p>&#8211; IgA &#8211; EMA (anticuerpos antiendomisio)<\/p>\n<p>&#8211; DGP (p\u00e9ptidos deamidados de gliadina)<\/p>\n<p>Si los resultados son positivos y se sospecha de celiaqu\u00eda, no debes comenzar a\u00fan la dieta libre de gluten hasta que el gastroenter\u00f3logo haya realizado la endoscop\u00eda para confirmar.[\/vc_column_text][\/vc_tta_section][vc_tta_section title=&#8221;Etapa 3: Endoscop\u00eda con biopsia del duodeno&#8221; tab_id=&#8221;1726155449249-177ff8c7-3819&#8243;][vc_column_text css=&#8221;&#8221;]La endoscop\u00eda es un examen realizado por un gastroenter\u00f3logo donde se introduce por la boca una sonda flexible que tiene una peque\u00f1a c\u00e1mara y una luz en su extremo.<\/p>\n<p>Para diagnosticar la enfermedad cel\u00edaca, se toman peque\u00f1as muestras del intestino delgado, espec\u00edficamente del duodeno. Estas muestras se analizan con un microscopio para determinar si hay da\u00f1o en las vellosidades y as\u00ed confirmar la enfermedad cel\u00edaca.[\/vc_column_text][\/vc_tta_section][\/vc_tta_accordion][\/vc_column][\/vc_row][vc_row][vc_column][vc_empty_space][\/vc_column][\/vc_row][vc_row][vc_column width=&#8221;1\/6&#8243;]<style type=\"text\/css\" data-type=\"the7_shortcodes-inline-css\">#default-btn-43cd90147aa96019ff614d255586cd0a.ico-right-side > i {\n  margin-right: 0px;\n  margin-left: 8px;\n}\n#default-btn-43cd90147aa96019ff614d255586cd0a > i {\n  margin-right: 8px;\n}\n<\/style><a href=\"https:\/\/www.celiacosmas.cl\/?page_id=55\" class=\"default-btn-shortcode dt-btn dt-btn-m link-hover-off btn-inline-left \" id=\"default-btn-43cd90147aa96019ff614d255586cd0a\" title=\"ENFERMEDAD CEL\u00cdACA\"><span>E. CEL\u00cdACA<\/span><\/a>[\/vc_column][vc_column width=&#8221;1\/6&#8243;]<style type=\"text\/css\" data-type=\"the7_shortcodes-inline-css\">#default-btn-d4d6c3d0db947fc7e097cbb0cdb1e62f.ico-right-side > i {\n  margin-right: 0px;\n  margin-left: 8px;\n}\n#default-btn-d4d6c3d0db947fc7e097cbb0cdb1e62f > i {\n  margin-right: 8px;\n}\n<\/style><a href=\"https:\/\/www.celiacosmas.cl\/?page_id=911\" class=\"default-btn-shortcode dt-btn dt-btn-m link-hover-off btn-inline-left \" id=\"default-btn-d4d6c3d0db947fc7e097cbb0cdb1e62f\" title=\"S\u00cdNTOMAS\"><span>S\u00cdNTOMAS<\/span><\/a>[\/vc_column][vc_column width=&#8221;1\/6&#8243;]<style type=\"text\/css\" data-type=\"the7_shortcodes-inline-css\">#default-btn-4ffe94875704ce2ac638cb434b19efac.ico-right-side > i {\n  margin-right: 0px;\n  margin-left: 8px;\n}\n#default-btn-4ffe94875704ce2ac638cb434b19efac > i {\n  margin-right: 8px;\n}\n<\/style><a href=\"https:\/\/www.celiacosmas.cl\/?page_id=923\" class=\"default-btn-shortcode dt-btn dt-btn-m link-hover-off btn-inline-left \" id=\"default-btn-4ffe94875704ce2ac638cb434b19efac\" title=\"G. DE RIESGO\"><span>G. DE RIESGO<\/span><\/a>[\/vc_column][vc_column width=&#8221;1\/6&#8243;]<style type=\"text\/css\" data-type=\"the7_shortcodes-inline-css\">#default-btn-ed96661c69fa6b7f0d7f11eaef487f8d.ico-right-side > i {\n  margin-right: 0px;\n  margin-left: 8px;\n}\n#default-btn-ed96661c69fa6b7f0d7f11eaef487f8d > i {\n  margin-right: 8px;\n}\n<\/style><a href=\"https:\/\/www.celiacosmas.cl\/?page_id=54\" class=\"default-btn-shortcode dt-btn dt-btn-m link-hover-off btn-inline-left \" id=\"default-btn-ed96661c69fa6b7f0d7f11eaef487f8d\" title=\"GLUTEN\"><span>GLUTEN<\/span><\/a>[\/vc_column][vc_column width=&#8221;1\/6&#8243;]<style type=\"text\/css\" data-type=\"the7_shortcodes-inline-css\">#default-btn-e2833df2a5570d2f1290207feff255c2.ico-right-side > i {\n  margin-right: 0px;\n  margin-left: 8px;\n}\n#default-btn-e2833df2a5570d2f1290207feff255c2 > i {\n  margin-right: 8px;\n}\n<\/style><a href=\"https:\/\/www.celiacosmas.cl\/?page_id=41\" class=\"default-btn-shortcode dt-btn dt-btn-m link-hover-off btn-inline-left \" id=\"default-btn-e2833df2a5570d2f1290207feff255c2\" title=\"NUTRICI\u00d3N\"><span>NUTRICI\u00d3N<\/span><\/a>[\/vc_column][vc_column width=&#8221;1\/6&#8243;]<style type=\"text\/css\" data-type=\"the7_shortcodes-inline-css\">#default-btn-b6eda39876749c842ba7a6cd2267c8e8.ico-right-side > i {\n  margin-right: 0px;\n  margin-left: 8px;\n}\n#default-btn-b6eda39876749c842ba7a6cd2267c8e8 > i {\n  margin-right: 8px;\n}\n<\/style><a href=\"https:\/\/www.celiacosmas.cl\/?page_id=1101\" class=\"default-btn-shortcode dt-btn dt-btn-m link-hover-off btn-inline-left \" id=\"default-btn-b6eda39876749c842ba7a6cd2267c8e8\" title=\"NUTRICI\u00d3N\"><span>CONTAMINACI\u00d3N<\/span><\/a>[\/vc_column][\/vc_row][vc_section][\/vc_section][vc_row][vc_column][\/vc_column][\/vc_row][vc_row][vc_column][\/vc_column][\/vc_row]<\/p>\n<\/div>","protected":false},"excerpt":{"rendered":"<p>[vc_row][vc_column width=&#8221;1\/2&#8243;][vc_column_text css=&#8221;&#8221;]La enfermedad cel\u00edaca puede tener grandes riesgos a largo plazo si esta no es diagnosticada y tratada a tiempo. Se estima que en Chile alrededor del 90% de los cel\u00edacos a\u00fan no han sido diagnosticados.[\/vc_column_text][\/vc_column][vc_column width=&#8221;1\/2&#8243;][vc_single_image image=&#8221;920&#8243; img_size=&#8221;350&#215;250&#8243; alignment=&#8221;center&#8221; css=&#8221;&#8221;][\/vc_column][\/vc_row][vc_row][vc_column][vc_tta_accordion c_icon=&#8221;chevron&#8221; active_section=&#8221;0&#8243; collapsible_all=&#8221;true&#8221;][vc_tta_section title=&#8221;Etapa 1: Contin\u00faa consumiendo gluten&#8221; tab_id=&#8221;1726155449193-95b3899a-3ce8&#8243;][vc_column_text css=&#8221;&#8221;]Si dejas de consumir&hellip;<\/p>\n","protected":false},"author":2,"featured_media":0,"parent":0,"menu_order":0,"comment_status":"closed","ping_status":"closed","template":"","meta":{"wprm-recipe-roundup-name":"","wprm-recipe-roundup-description":"","footnotes":""},"class_list":["post-919","page","type-page","status-publish","hentry","description-off"],"_links":{"self":[{"href":"https:\/\/www.celiacosmas.cl\/index.php?rest_route=\/wp\/v2\/pages\/919","targetHints":{"allow":["GET"]}}],"collection":[{"href":"https:\/\/www.celiacosmas.cl\/index.php?rest_route=\/wp\/v2\/pages"}],"about":[{"href":"https:\/\/www.celiacosmas.cl\/index.php?rest_route=\/wp\/v2\/types\/page"}],"author":[{"embeddable":true,"href":"https:\/\/www.celiacosmas.cl\/index.php?rest_route=\/wp\/v2\/users\/2"}],"replies":[{"embeddable":true,"href":"https:\/\/www.celiacosmas.cl\/index.php?rest_route=%2Fwp%2Fv2%2Fcomments&post=919"}],"version-history":[{"count":10,"href":"https:\/\/www.celiacosmas.cl\/index.php?rest_route=\/wp\/v2\/pages\/919\/revisions"}],"predecessor-version":[{"id":1134,"href":"https:\/\/www.celiacosmas.cl\/index.php?rest_route=\/wp\/v2\/pages\/919\/revisions\/1134"}],"wp:attachment":[{"href":"https:\/\/www.celiacosmas.cl\/index.php?rest_route=%2Fwp%2Fv2%2Fmedia&parent=919"}],"curies":[{"name":"wp","href":"https:\/\/api.w.org\/{rel}","templated":true}]}}