{"id":911,"date":"2024-10-07T09:45:10","date_gmt":"2024-10-07T13:45:10","guid":{"rendered":"https:\/\/www.celiacosmas.cl\/?page_id=911"},"modified":"2024-11-24T15:49:04","modified_gmt":"2024-11-24T19:49:04","slug":"kids-parents-2","status":"publish","type":"page","link":"https:\/\/www.celiacosmas.cl\/?page_id=911","title":{"rendered":"S\u00cdNTOMAS"},"content":{"rendered":"<div class=\"wpb-content-wrapper\"><p>[vc_row][vc_column width=&#8221;1\/2&#8243;][vc_column_text css=&#8221;&#8221;]Se han identificado una gran variedad de s\u00edntomas asociados a la enfermedad cel\u00edaca, tanto digestivos como extra digestivos, los cuales var\u00edan de acuerdo a la edad y el sexo. Estos s\u00edntomas pueden agudizarse por la deficiencia de la absorci\u00f3n de nutrientes causada por el da\u00f1o intestinal.<\/p>\n<p>Hay personas que no presentan s\u00edntomas cl\u00e1sicos de la enfermedad, lo cual dificulta el diagn\u00f3stico oportuno.<\/p>\n<p>.[\/vc_column_text][\/vc_column][vc_column width=&#8221;1\/2&#8243;][vc_single_image image=&#8221;928&#8243; img_size=&#8221;350&#215;250&#8243; alignment=&#8221;center&#8221; css=&#8221;&#8221;][\/vc_column][\/vc_row][vc_row][vc_column][vc_tta_accordion c_icon=&#8221;chevron&#8221; active_section=&#8221;0&#8243; collapsible_all=&#8221;true&#8221;][vc_tta_section title=&#8221;S\u00edntomas m\u00e1s comunes en la infancia&#8221; tab_id=&#8221;1726153012231-e22a1144-66a6&#8243;][vc_column_text css=&#8221;&#8221;]<\/p>\n<ul>\n<li>V\u00f3mitos<\/li>\n<li>Diarreas f\u00e9tidas<\/li>\n<li>N\u00e1useas<\/li>\n<li>Anorexia<\/li>\n<li>Astenia (debilidad o fatiga)<\/li>\n<li>Irritabilidad<\/li>\n<li>Pelo fr\u00e1gil<\/li>\n<li>Hipotrofia muscular (disminuci\u00f3n masa muscular)<\/li>\n<li>Retraso en el crecimiento y en el aumento de peso<\/li>\n<li>Introversi\u00f3n<\/li>\n<li>Dependencia<\/li>\n<li>Leucopenia<\/li>\n<li>Defectos en esmalte dental<\/li>\n<li>Coagulopat\u00edas, trombocitosis<\/li>\n<li>Autismo<\/li>\n<li>Hiperactividad<\/li>\n<\/ul>\n<p>[\/vc_column_text][\/vc_tta_section][vc_tta_section title=&#8221;S\u00edntomas m\u00e1s comunes en la adolescencia&#8221; tab_id=&#8221;1726153012258-b8da1865-0070&#8243;][vc_column_text css=&#8221;&#8221;]<\/p>\n<ul>\n<li>Anemia\u00a0Ferrop\u00e9nica<\/li>\n<li>Dolor abdominal<\/li>\n<li>Diarrea malabsortiva<\/li>\n<li>Estre\u00f1imiento<\/li>\n<li>Meteorismo<\/li>\n<li>Estomatitis aftosa<\/li>\n<li>Queilitis angular (boqueras)<\/li>\n<li>Dermatitis at\u00f3pica<\/li>\n<li>Cefaleas<\/li>\n<li>Corta estatura<\/li>\n<li>Retraso puberal<\/li>\n<li>Menarquia tard\u00eda<\/li>\n<li>Artritis cr\u00f3nica juvenil<\/li>\n<li>Epilepsia<\/li>\n<li>Hepatitis<\/li>\n<li>Frecuentemente asintom\u00e1tica<\/li>\n<\/ul>\n<p>[\/vc_column_text][\/vc_tta_section][vc_tta_section title=&#8221;S\u00edntomas m\u00e1s comunes en adultos&#8221; tab_id=&#8221;1726153012287-991073f3-c31c&#8221;][vc_column_text css=&#8221;&#8221;]<\/p>\n<ul>\n<li>Diarrea malabsortiva<\/li>\n<li>Apat\u00eda<\/li>\n<li>Irritabilidad<\/li>\n<li>Depresi\u00f3n<\/li>\n<li>Astenia (debilidad o fatiga)<\/li>\n<li>Inapetencia<\/li>\n<li>P\u00e9rdida de peso<\/li>\n<li>Dermatitis Herpetiforme<\/li>\n<li>Anemia Ferrop\u00e9nica<\/li>\n<li>Osteoporosis \/ Roturas \u00d3seas \/ Artritis \/ Artralgias<\/li>\n<li>Colon irritable \/ Estre\u00f1imiento<\/li>\n<li>Abortos \/ Infertilidad<\/li>\n<li>Menopausia precoz<\/li>\n<li>Epilepsia \/ ataxia<\/li>\n<li>Neuropat\u00edas perif\u00e9ricas<\/li>\n<li>C\u00e1ncer digestivo<\/li>\n<li>Hipertransaminemia(valores transaminasas elevadas que implica un proceso inflamatorio en el h\u00edgado)<\/li>\n<\/ul>\n<p>[\/vc_column_text][\/vc_tta_section][\/vc_tta_accordion][\/vc_column][\/vc_row][vc_row][vc_column][vc_empty_space][\/vc_column][\/vc_row][vc_row][vc_column width=&#8221;1\/6&#8243;][vc_empty_space]<style type=\"text\/css\" data-type=\"the7_shortcodes-inline-css\">#default-btn-43cd90147aa96019ff614d255586cd0a.ico-right-side > i {\n  margin-right: 0px;\n  margin-left: 8px;\n}\n#default-btn-43cd90147aa96019ff614d255586cd0a > i {\n  margin-right: 8px;\n}\n<\/style><a href=\"https:\/\/www.celiacosmas.cl\/?page_id=55\" class=\"default-btn-shortcode dt-btn dt-btn-m link-hover-off btn-inline-left \" id=\"default-btn-43cd90147aa96019ff614d255586cd0a\" title=\"ENFERMEDAD CEL\u00cdACA\"><span>E. CEL\u00cdACA<\/span><\/a>[\/vc_column][vc_column width=&#8221;1\/6&#8243;][vc_empty_space]<style type=\"text\/css\" data-type=\"the7_shortcodes-inline-css\">#default-btn-5384b0da966a501528d9e33c8b639c00.ico-right-side > i {\n  margin-right: 0px;\n  margin-left: 8px;\n}\n#default-btn-5384b0da966a501528d9e33c8b639c00 > i {\n  margin-right: 8px;\n}\n<\/style><a href=\"https:\/\/www.celiacosmas.cl\/?page_id=919\" class=\"default-btn-shortcode dt-btn dt-btn-m link-hover-off btn-inline-left \" id=\"default-btn-5384b0da966a501528d9e33c8b639c00\" title=\"DIAGNOSTICO\"><span>DIAGN\u00d3STICO<\/span><\/a>[\/vc_column][vc_column width=&#8221;1\/6&#8243;][vc_empty_space]<style type=\"text\/css\" data-type=\"the7_shortcodes-inline-css\">#default-btn-4ffe94875704ce2ac638cb434b19efac.ico-right-side > i {\n  margin-right: 0px;\n  margin-left: 8px;\n}\n#default-btn-4ffe94875704ce2ac638cb434b19efac > i {\n  margin-right: 8px;\n}\n<\/style><a href=\"https:\/\/www.celiacosmas.cl\/?page_id=923\" class=\"default-btn-shortcode dt-btn dt-btn-m link-hover-off btn-inline-left \" id=\"default-btn-4ffe94875704ce2ac638cb434b19efac\" title=\"G. DE RIESGO\"><span>G. DE RIESGO<\/span><\/a>[\/vc_column][vc_column width=&#8221;1\/6&#8243;][vc_empty_space]<style type=\"text\/css\" data-type=\"the7_shortcodes-inline-css\">#default-btn-ed96661c69fa6b7f0d7f11eaef487f8d.ico-right-side > i {\n  margin-right: 0px;\n  margin-left: 8px;\n}\n#default-btn-ed96661c69fa6b7f0d7f11eaef487f8d > i {\n  margin-right: 8px;\n}\n<\/style><a href=\"https:\/\/www.celiacosmas.cl\/?page_id=54\" class=\"default-btn-shortcode dt-btn dt-btn-m link-hover-off btn-inline-left \" id=\"default-btn-ed96661c69fa6b7f0d7f11eaef487f8d\" title=\"GLUTEN\"><span>GLUTEN<\/span><\/a>[\/vc_column][vc_column width=&#8221;1\/6&#8243;][vc_empty_space]<style type=\"text\/css\" data-type=\"the7_shortcodes-inline-css\">#default-btn-e2833df2a5570d2f1290207feff255c2.ico-right-side > i {\n  margin-right: 0px;\n  margin-left: 8px;\n}\n#default-btn-e2833df2a5570d2f1290207feff255c2 > i {\n  margin-right: 8px;\n}\n<\/style><a href=\"https:\/\/www.celiacosmas.cl\/?page_id=41\" class=\"default-btn-shortcode dt-btn dt-btn-m link-hover-off btn-inline-left \" id=\"default-btn-e2833df2a5570d2f1290207feff255c2\" title=\"NUTRICI\u00d3N\"><span>NUTRICI\u00d3N<\/span><\/a>[\/vc_column][vc_column width=&#8221;1\/6&#8243;][vc_empty_space]<style type=\"text\/css\" data-type=\"the7_shortcodes-inline-css\">#default-btn-b6eda39876749c842ba7a6cd2267c8e8.ico-right-side > i {\n  margin-right: 0px;\n  margin-left: 8px;\n}\n#default-btn-b6eda39876749c842ba7a6cd2267c8e8 > i {\n  margin-right: 8px;\n}\n<\/style><a href=\"https:\/\/www.celiacosmas.cl\/?page_id=1101\" class=\"default-btn-shortcode dt-btn dt-btn-m link-hover-off btn-inline-left \" id=\"default-btn-b6eda39876749c842ba7a6cd2267c8e8\" title=\"NUTRICI\u00d3N\"><span>CONTAMINACI\u00d3N<\/span><\/a>[\/vc_column][\/vc_row][vc_section][\/vc_section][vc_row][vc_column][\/vc_column][\/vc_row][vc_row][vc_column][\/vc_column][\/vc_row]<\/p>\n<\/div>","protected":false},"excerpt":{"rendered":"<p>[vc_row][vc_column width=&#8221;1\/2&#8243;][vc_column_text css=&#8221;&#8221;]Se han identificado una gran variedad de s\u00edntomas asociados a la enfermedad cel\u00edaca, tanto digestivos como extra digestivos, los cuales var\u00edan de acuerdo a la edad y el sexo. Estos s\u00edntomas pueden agudizarse por la deficiencia de la absorci\u00f3n de nutrientes causada por el da\u00f1o intestinal. Hay personas que no presentan s\u00edntomas cl\u00e1sicos&hellip;<\/p>\n","protected":false},"author":2,"featured_media":0,"parent":0,"menu_order":0,"comment_status":"closed","ping_status":"closed","template":"","meta":{"wprm-recipe-roundup-name":"","wprm-recipe-roundup-description":"","footnotes":""},"class_list":["post-911","page","type-page","status-publish","hentry","description-off"],"_links":{"self":[{"href":"https:\/\/www.celiacosmas.cl\/index.php?rest_route=\/wp\/v2\/pages\/911","targetHints":{"allow":["GET"]}}],"collection":[{"href":"https:\/\/www.celiacosmas.cl\/index.php?rest_route=\/wp\/v2\/pages"}],"about":[{"href":"https:\/\/www.celiacosmas.cl\/index.php?rest_route=\/wp\/v2\/types\/page"}],"author":[{"embeddable":true,"href":"https:\/\/www.celiacosmas.cl\/index.php?rest_route=\/wp\/v2\/users\/2"}],"replies":[{"embeddable":true,"href":"https:\/\/www.celiacosmas.cl\/index.php?rest_route=%2Fwp%2Fv2%2Fcomments&post=911"}],"version-history":[{"count":24,"href":"https:\/\/www.celiacosmas.cl\/index.php?rest_route=\/wp\/v2\/pages\/911\/revisions"}],"predecessor-version":[{"id":1152,"href":"https:\/\/www.celiacosmas.cl\/index.php?rest_route=\/wp\/v2\/pages\/911\/revisions\/1152"}],"wp:attachment":[{"href":"https:\/\/www.celiacosmas.cl\/index.php?rest_route=%2Fwp%2Fv2%2Fmedia&parent=911"}],"curies":[{"name":"wp","href":"https:\/\/api.w.org\/{rel}","templated":true}]}}