{"id":91,"date":"2016-06-08T00:11:00","date_gmt":"2016-06-07T23:11:00","guid":{"rendered":"https:\/\/the7.io\/psy\/?page_id=91"},"modified":"2024-11-11T11:31:09","modified_gmt":"2024-11-11T15:31:09","slug":"about-us","status":"publish","type":"page","link":"https:\/\/www.celiacosmas.cl\/?page_id=91","title":{"rendered":"Fundaci\u00f3n Celiacos+"},"content":{"rendered":"<div class=\"wpb-content-wrapper\"><p>[vc_row type=&#8221;vc_default&#8221; css=&#8221;.vc_custom_1474212123263{padding-bottom: 40px !important;}&#8221;][vc_column width=&#8221;1\/2&#8243; css=&#8221;.vc_custom_1467303303610{padding-bottom: 20px !important;}&#8221;][vc_row_inner][vc_column_inner width=&#8221;1\/2&#8243; offset=&#8221;vc_col-lg-6 vc_col-md-6 vc_col-xs-6&#8243; css=&#8221;.vc_custom_1461066632568{padding-right: 12px !important;padding-bottom: 30px !important;}&#8221;][vc_single_image image=&#8221;783&#8243; img_size=&#8221;800\u00d7543&#8243; alignment=&#8221;center&#8221; onclick=&#8221;link_image&#8221; css=&#8221;&#8221;][vc_empty_space height=&#8221;24px&#8221;][vc_single_image image=&#8221;806&#8243; img_size=&#8221;800 \u00d7 543&#8243; alignment=&#8221;center&#8221; onclick=&#8221;link_image&#8221; css=&#8221;&#8221;][\/vc_column_inner][vc_column_inner width=&#8221;1\/2&#8243; offset=&#8221;vc_col-lg-offset-0 vc_col-lg-6 vc_col-md-offset-0 vc_col-md-6 vc_col-sm-offset-0 vc_col-xs-6&#8243; css=&#8221;.vc_custom_1461066648706{padding-left: 12px !important;}&#8221;][vc_single_image image=&#8221;755&#8243; img_size=&#8221;550 \u00d7 800&#8243; alignment=&#8221;center&#8221; onclick=&#8221;link_image&#8221; css=&#8221;&#8221;][\/vc_column_inner][\/vc_row_inner][\/vc_column][vc_column width=&#8221;1\/2&#8243; css=&#8221;.vc_custom_1467303244842{padding-bottom: 40px !important;}&#8221;][vc_accordion active_tab=&#8221;1&#8243; collapsible=&#8221;yes&#8221; title_size=&#8221;h5&#8243; style=&#8221;2&#8243;][vc_accordion_tab title=&#8221;\u00bfQui\u00e9nes somos?&#8221;][vc_column_text css=&#8221;.vc_custom_1692509820170{padding-bottom: 10px !important;}&#8221;]Fundaci\u00f3n CELIACOS+ nace de la inquietud de 3 mam\u00e1s de ni\u00f1os cel\u00edacos que vivimos en carne propia lo dif\u00edcil que es en Chile adaptarse a la dieta libre de gluten, tanto por el desconocimiento que hay de la enfermedad, como por lo caro que son los alimentos libres de gluten. Nuestra lucha es diaria y sabemos que hacerlo en comunidad es mucho m\u00e1s llevadero y significativo. Los invitamos a todos a ser parte de esta hermosa iniciativa, porque juntos podemos hacer mucho m\u00e1s.[\/vc_column_text][\/vc_accordion_tab][vc_accordion_tab title=&#8221;Misi\u00f3n&#8221;][vc_column_text css=&#8221;.vc_custom_1692509846538{padding-bottom: 10px !important;}&#8221;]Visibilizar la Enfermedad Cel\u00edaca y concientizar a la sociedad sobre ella, acompa\u00f1ando y apoyando a las personas que la padecen en el proceso de conocimiento, aceptaci\u00f3n e inclusi\u00f3n de la celiaqu\u00eda.[\/vc_column_text][\/vc_accordion_tab][vc_accordion_tab title=&#8221;Visi\u00f3n&#8221;][vc_column_text css=&#8221;.vc_custom_1692509903754{padding-bottom: 10px !important;}&#8221;]Aspiramos a ser una fundaci\u00f3n que contribuya activamente a la inclusi\u00f3n social de las personas con EC en Chile, tanto en su \u00e1mbito familiar, social, laboral y educativo.[\/vc_column_text][\/vc_accordion_tab][vc_accordion_tab title=&#8221;Valores&#8221;][vc_column_text css=&#8221;.vc_custom_1692509983226{padding-bottom: 10px !important;}&#8221;]<strong>Empat\u00eda<\/strong>: vivimos en primera persona la EC, por lo que tenemos plena conciencia de los problemas y preocupaciones que nos afectan.<\/p>\n<p><strong>Respeto<\/strong>: es uno de los valores fundamentales de toda sociedad y como fundaci\u00f3n basamos cada una de nuestras acciones en el respeto hacia el otro como se\u00f1al de aprecio y reconocimiento.<\/p>\n<p><strong>Compromiso<\/strong>: estamos comprometidos con lograr el bienestar f\u00edsico y emocional de cada una de las personas con EC y sus familias.<\/p>\n<p><strong>Solidaridad<\/strong>: vivir la EC nos invita a ser solidarios con el otro, comprendiendo sus necesidades y buscando los medios para poder dar respuesta a ellas.<\/p>\n<p><strong>Integraci\u00f3n social<\/strong>: en nuestro trabajo diario buscamos crear una mayor conciencia social hacia la EC para que quienes la padecen tengan la posibilidad de vivir en una sociedad que los reconozca y acoja.[\/vc_column_text][\/vc_accordion_tab][vc_accordion_tab title=&#8221;Objetivos&#8221;][vc_column_text css=&#8221;&#8221;]<\/p>\n<ul>\n<li>Que todo cel\u00edaco diagnosticado lleve una DLG estricta, permanente y de por vida.<\/li>\n<li>Que el personal de la atenci\u00f3n primaria de salud conozca sobre la celiaqu\u00eda para un diagn\u00f3stico oportuno.<\/li>\n<li>Que los chilenos en general conozcan sobre celiaqu\u00eda para que puedan consultar en caso de sospecha.<\/li>\n<li>Que ning\u00fan celiaco se quede sin tratamiento por no tener recursos para acceder a la DLG.<\/li>\n<li>Incidir en pol\u00edticas p\u00fablicas que mejoren la calidad de vida de los celiacos en Chile.<\/li>\n<\/ul>\n<p>[\/vc_column_text][\/vc_accordion_tab][vc_accordion_tab title=&#8221;Beneficiario&#8221;][vc_column_text]Personas con Enfermedad Celiaca de escasos recursos (reci\u00e9n diagnosticados) y sus familias.[\/vc_column_text][\/vc_accordion_tab][\/vc_accordion][\/vc_column][\/vc_row][vc_row gap=&#8221;35&#8243; equal_height=&#8221;yes&#8221; bg_type=&#8221;bg_color&#8221; bg_override=&#8221;ex-full&#8221; type=&#8221;vc_default&#8221; css=&#8221;.vc_custom_1466172161151{padding-top: 60px !important;padding-right: 40px !important;padding-bottom: 20px !important;padding-left: 40px !important;}&#8221; bg_color_value=&#8221;#f4f4f4&#8243;][vc_column width=&#8221;2\/3&#8243; css=&#8221;.vc_custom_1467298149857{border-radius: 1px !important;}&#8221; offset=&#8221;vc_col-lg-offset-2 vc_col-md-offset-2 vc_col-sm-offset-2&#8243;]<div id=\"ultimate-heading-984669df000f690d2\" class=\"uvc-heading ult-adjust-bottom-margin ultimate-heading-984669df000f690d2 uvc-4699 \" data-hspacer=\"no_spacer\"  data-halign=\"center\" style=\"text-align:center\"><div class=\"uvc-heading-spacer no_spacer\" style=\"top\"><\/div><div class=\"uvc-main-heading ult-responsive\"  data-ultimate-target='.uvc-heading.ultimate-heading-984669df000f690d2 h2'  data-responsive-json-new='{\"font-size\":\"desktop:30px;\",\"line-height\":\"desktop:40px;\"}' ><h2 style=\"font-weight:bold;margin-bottom:10px;\">Directorio<\/h2><\/div><\/div>[\/vc_column][vc_column offset=&#8221;vc_col-xs-12&#8243; css=&#8221;.vc_custom_1462547931001{padding-top: 0px !important;padding-right: 0px !important;padding-bottom: 0px !important;padding-left: 0px !important;}&#8221;]<div id=\"ult-carousel-36804141769df000f69263\" class=\"ult-carousel-wrapper   ult_horizontal\" data-gutter=\"15\" data-rtl=\"false\" ><div class=\"ult-carousel-146198761669df000f69139 \" >[vc_row_inner equal_height=&#8221;yes&#8221; css=&#8221;.vc_custom_1462547792556{padding-right: 25px !important;padding-left: 25px !important;}&#8221;][vc_column_inner css=&#8221;.vc_custom_1462969044843{padding-top: 0px !important;padding-right: 0px !important;padding-bottom: 0px !important;padding-left: 0px !important;background-color: #ffffff !important;}&#8221;][vc_single_image image=&#8221;853&#8243; img_size=&#8221;700&#215;700&#8243; alignment=&#8221;center&#8221; onclick=&#8221;custom_link&#8221; css=&#8221;&#8221; lazy_loading=&#8221;true&#8221;]<div class=\"ult-item-wrap\" data-animation=\"animated no-animation\"><div class=\"ult-content-box-container \" >\t\t<div class=\"ult-content-box\" style=\"box-shadow: px px px px #f7f7f7 none;padding-top:30px;padding-right:30px;padding-bottom:30px;padding-left:30px;min-height:180px;-webkit-transition: all 700ms ease;-moz-transition: all 700ms ease;-ms-transition: all 700ms ease;-o-transition: all 700ms ease;transition: all 700ms ease;\"  data-hover_box_shadow=\"none\"    ><div class=\"ult-item-wrap\" data-animation=\"animated no-animation\"><div id=\"ultimate-heading-707669df000f6938c\" class=\"uvc-heading ult-adjust-bottom-margin ultimate-heading-707669df000f6938c uvc-3357 \" data-hspacer=\"no_spacer\"  data-halign=\"left\" style=\"text-align:left\"><div class=\"uvc-heading-spacer no_spacer\" style=\"top\"><\/div><div class=\"uvc-main-heading ult-responsive\"  data-ultimate-target='.uvc-heading.ultimate-heading-707669df000f6938c h3'  data-responsive-json-new='{\"font-size\":\"desktop:18px;\",\"line-height\":\"desktop:28px;\"}' ><h3 style=\"font-weight:bold;color:#741a50;\">Francisca Urrutia Verdugo<\/h3><\/div><div class=\"uvc-sub-heading ult-responsive\"  data-ultimate-target='.uvc-heading.ultimate-heading-707669df000f6938c .uvc-sub-heading '  data-responsive-json-new='{\"font-size\":\"\",\"line-height\":\"\"}'  style=\"font-weight:bold;color:#da8c2c;margin-top:3px;margin-bottom:10px;\">Presidenta<\/div><\/div><\/div>[vc_column_text css=&#8221;&#8221;]Ingeniero Comercial, madre de un ni\u00f1o cel\u00edaco.<\/p>\n<p><a href=\"mailto:francisca.urrutia@celiacosmas.cl\">francisca.urrutia@celiacosmas.cl<\/a>[\/vc_column_text]\t\t<\/div><\/div><\/div>[\/vc_column_inner][\/vc_row_inner][vc_row_inner equal_height=&#8221;yes&#8221; css=&#8221;.vc_custom_1462547800363{padding-right: 25px !important;padding-left: 25px !important;}&#8221;][vc_column_inner css=&#8221;.vc_custom_1462969051291{padding-top: 0px !important;padding-right: 0px !important;padding-bottom: 0px !important;padding-left: 0px !important;background-color: #ffffff !important;}&#8221;][vc_single_image image=&#8221;787&#8243; img_size=&#8221;700&#215;700&#8243; alignment=&#8221;center&#8221; onclick=&#8221;custom_link&#8221; css=&#8221;&#8221;]<div class=\"ult-item-wrap\" data-animation=\"animated no-animation\"><div class=\"ult-content-box-container \" >\t\t<div class=\"ult-content-box\" style=\"box-shadow: px px px px #f7f7f7 none;padding-top:30px;padding-right:30px;padding-bottom:30px;padding-left:30px;min-height:180px;-webkit-transition: all 700ms ease;-moz-transition: all 700ms ease;-ms-transition: all 700ms ease;-o-transition: all 700ms ease;transition: all 700ms ease;\"  data-hover_box_shadow=\"none\"    ><div class=\"ult-item-wrap\" data-animation=\"animated no-animation\"><div id=\"ultimate-heading-907169df000f693f4\" class=\"uvc-heading ult-adjust-bottom-margin ultimate-heading-907169df000f693f4 uvc-4113 \" data-hspacer=\"no_spacer\"  data-halign=\"left\" style=\"text-align:left\"><div class=\"uvc-heading-spacer no_spacer\" style=\"top\"><\/div><div class=\"uvc-main-heading ult-responsive\"  data-ultimate-target='.uvc-heading.ultimate-heading-907169df000f693f4 h3'  data-responsive-json-new='{\"font-size\":\"desktop:18px;\",\"line-height\":\"desktop:28px;\"}' ><h3 style=\"font-weight:bold;color:#741a50;\">Carla Ojeda Neira<\/h3><\/div><div class=\"uvc-sub-heading ult-responsive\"  data-ultimate-target='.uvc-heading.ultimate-heading-907169df000f693f4 .uvc-sub-heading '  data-responsive-json-new='{\"font-size\":\"\",\"line-height\":\"\"}'  style=\"font-weight:bold;color:#da8c2c;margin-top:3px;margin-bottom:10px;\">Secretaria<\/div><\/div><\/div>[vc_column_text css=&#8221;&#8221;]Profesora de Estado en Castellano y Comunicaci\u00f3n, cel\u00edaca y madre de dos ni\u00f1os cel\u00edacos.<\/p>\n<p><a href=\"mailto:carla.ojeda@celiacosmas.cl\">carla.ojeda@celiacosmas.cl<\/a>[\/vc_column_text]\t\t<\/div><\/div><\/div>[\/vc_column_inner][\/vc_row_inner][vc_row_inner equal_height=&#8221;yes&#8221; css=&#8221;.vc_custom_1462547821855{padding-right: 25px !important;padding-left: 25px !important;}&#8221;][vc_column_inner css=&#8221;.vc_custom_1462969059364{padding-top: 0px !important;padding-right: 0px !important;padding-bottom: 0px !important;padding-left: 0px !important;background-color: #ffffff !important;}&#8221;][vc_single_image image=&#8221;887&#8243; img_size=&#8221;700&#215;700&#8243; alignment=&#8221;center&#8221; onclick=&#8221;custom_link&#8221; css=&#8221;&#8221; lazy_loading=&#8221;true&#8221;]<div class=\"ult-item-wrap\" data-animation=\"animated no-animation\"><div class=\"ult-content-box-container \" >\t\t<div class=\"ult-content-box\" style=\"box-shadow: px px px px #f7f7f7 none;padding-top:30px;padding-right:30px;padding-bottom:30px;padding-left:30px;min-height:180px;-webkit-transition: all 700ms ease;-moz-transition: all 700ms ease;-ms-transition: all 700ms ease;-o-transition: all 700ms ease;transition: all 700ms ease;\"  data-hover_box_shadow=\"none\"    ><div class=\"ult-item-wrap\" data-animation=\"animated no-animation\"><div id=\"ultimate-heading-206169df000f69450\" class=\"uvc-heading ult-adjust-bottom-margin ultimate-heading-206169df000f69450 uvc-2540 \" data-hspacer=\"no_spacer\"  data-halign=\"left\" style=\"text-align:left\"><div class=\"uvc-heading-spacer no_spacer\" style=\"top\"><\/div><div class=\"uvc-main-heading ult-responsive\"  data-ultimate-target='.uvc-heading.ultimate-heading-206169df000f69450 h3'  data-responsive-json-new='{\"font-size\":\"desktop:18px;\",\"line-height\":\"desktop:28px;\"}' ><h3 style=\"font-weight:bold;color:#741a50;\">Alejandra Villalobos Mora<\/h3><\/div><div class=\"uvc-sub-heading ult-responsive\"  data-ultimate-target='.uvc-heading.ultimate-heading-206169df000f69450 .uvc-sub-heading '  data-responsive-json-new='{\"font-size\":\"\",\"line-height\":\"\"}'  style=\"font-weight:bold;color:#da8c2c;margin-top:3px;margin-bottom:10px;\">Tesorera<\/div><\/div><\/div>[vc_column_text css=&#8221;&#8221;]Trabajadora Social, madre de una ni\u00f1a cel\u00edaca.<\/p>\n<p><a href=\"mailto:alejandra.villalobos@celiacosmas.cl\">alejandra.villalobos@celiacosmas.cl<\/a>[\/vc_column_text]\t\t<\/div><\/div><\/div>[\/vc_column_inner][\/vc_row_inner]<\/div><\/div>\t\t\t<script type=\"text\/javascript\">\n\t\t\t\tjQuery(document).ready(function ($) {\n\t\t\t\t\tif( typeof jQuery('.ult-carousel-146198761669df000f69139').slick == \"function\"){\n\t\t\t\t\t\t$('.ult-carousel-146198761669df000f69139').slick({dots: false,autoplaySpeed: \"5000\",speed: \"600\",infinite: true,arrows: true,nextArrow: '<button type=\"button\" role=\"button\" aria-label=\"Next\" style=\"color:#ffffff; font-size:28px;background:#da8c2c;\" class=\"slick-next circle-bg\"><i class=\"ultsl-arrow-right4\"><\/i><\/button>',prevArrow: '<button type=\"button\" role=\"button\" aria-label=\"Previous\" style=\"color:#ffffff; font-size:28px;background:#da8c2c;\" class=\"slick-prev circle-bg\"><i class=\"ultsl-arrow-left4\"><\/i><\/button>',slidesToScroll:1,slidesToShow:3,swipe: true,draggable: true,touchMove: true,pauseOnHover: true,pauseOnFocus: false,responsive: [\n\t\t\t\t\t\t\t{\n\t\t\t\t\t\t\t  breakpoint: 1026,\n\t\t\t\t\t\t\t  settings: {\n\t\t\t\t\t\t\t\tslidesToShow: 3,\n\t\t\t\t\t\t\t\tslidesToScroll: 1,  \n\t\t\t\t\t\t\t  }\n\t\t\t\t\t\t\t},\n\t\t\t\t\t\t\t{\n\t\t\t\t\t\t\t  breakpoint: 1025,\n\t\t\t\t\t\t\t  settings: {\n\t\t\t\t\t\t\t\tslidesToShow: 2,\n\t\t\t\t\t\t\t\tslidesToScroll: 1\n\t\t\t\t\t\t\t  }\n\t\t\t\t\t\t\t},\n\t\t\t\t\t\t\t{\n\t\t\t\t\t\t\t  breakpoint: 760,\n\t\t\t\t\t\t\t  settings: {\n\t\t\t\t\t\t\t\tslidesToShow: 1,\n\t\t\t\t\t\t\t\tslidesToScroll: 1\n\t\t\t\t\t\t\t  }\n\t\t\t\t\t\t\t}\n\t\t\t\t\t\t],pauseOnDotsHover: true,customPaging: function(slider, i) {\n                   return '<i type=\"button\" style= \"color:#333333;\" class=\"ultsl-record\" data-role=\"none\"><\/i>';\n                },});\n\t\t\t\t\t}\n\t\t\t\t});\n\t\t\t<\/script>\n\t\t\t[\/vc_column][\/vc_row]<\/p>\n<\/div>","protected":false},"excerpt":{"rendered":"<p>[vc_row type=&#8221;vc_default&#8221; css=&#8221;.vc_custom_1474212123263{padding-bottom: 40px !important;}&#8221;][vc_column width=&#8221;1\/2&#8243; css=&#8221;.vc_custom_1467303303610{padding-bottom: 20px !important;}&#8221;][vc_row_inner][vc_column_inner width=&#8221;1\/2&#8243; offset=&#8221;vc_col-lg-6 vc_col-md-6 vc_col-xs-6&#8243; css=&#8221;.vc_custom_1461066632568{padding-right: 12px !important;padding-bottom: 30px !important;}&#8221;][vc_single_image image=&#8221;783&#8243; img_size=&#8221;800\u00d7543&#8243; alignment=&#8221;center&#8221; onclick=&#8221;link_image&#8221; css=&#8221;&#8221;][vc_empty_space height=&#8221;24px&#8221;][vc_single_image image=&#8221;806&#8243; img_size=&#8221;800 \u00d7 543&#8243; alignment=&#8221;center&#8221; onclick=&#8221;link_image&#8221; css=&#8221;&#8221;][\/vc_column_inner][vc_column_inner width=&#8221;1\/2&#8243; offset=&#8221;vc_col-lg-offset-0 vc_col-lg-6 vc_col-md-offset-0 vc_col-md-6 vc_col-sm-offset-0 vc_col-xs-6&#8243; css=&#8221;.vc_custom_1461066648706{padding-left: 12px !important;}&#8221;][vc_single_image image=&#8221;755&#8243; img_size=&#8221;550 \u00d7 800&#8243; alignment=&#8221;center&#8221; onclick=&#8221;link_image&#8221; css=&#8221;&#8221;][\/vc_column_inner][\/vc_row_inner][\/vc_column][vc_column width=&#8221;1\/2&#8243; css=&#8221;.vc_custom_1467303244842{padding-bottom: 40px !important;}&#8221;][vc_accordion active_tab=&#8221;1&#8243; collapsible=&#8221;yes&#8221; title_size=&#8221;h5&#8243;&hellip;<\/p>\n","protected":false},"author":1,"featured_media":0,"parent":0,"menu_order":1,"comment_status":"closed","ping_status":"closed","template":"","meta":{"wprm-recipe-roundup-name":"","wprm-recipe-roundup-description":"","footnotes":""},"class_list":["post-91","page","type-page","status-publish","hentry","description-off"],"_links":{"self":[{"href":"https:\/\/www.celiacosmas.cl\/index.php?rest_route=\/wp\/v2\/pages\/91","targetHints":{"allow":["GET"]}}],"collection":[{"href":"https:\/\/www.celiacosmas.cl\/index.php?rest_route=\/wp\/v2\/pages"}],"about":[{"href":"https:\/\/www.celiacosmas.cl\/index.php?rest_route=\/wp\/v2\/types\/page"}],"author":[{"embeddable":true,"href":"https:\/\/www.celiacosmas.cl\/index.php?rest_route=\/wp\/v2\/users\/1"}],"replies":[{"embeddable":true,"href":"https:\/\/www.celiacosmas.cl\/index.php?rest_route=%2Fwp%2Fv2%2Fcomments&post=91"}],"version-history":[{"count":35,"href":"https:\/\/www.celiacosmas.cl\/index.php?rest_route=\/wp\/v2\/pages\/91\/revisions"}],"predecessor-version":[{"id":790,"href":"https:\/\/www.celiacosmas.cl\/index.php?rest_route=\/wp\/v2\/pages\/91\/revisions\/790"}],"wp:attachment":[{"href":"https:\/\/www.celiacosmas.cl\/index.php?rest_route=%2Fwp%2Fv2%2Fmedia&parent=91"}],"curies":[{"name":"wp","href":"https:\/\/api.w.org\/{rel}","templated":true}]}}