{"id":55,"date":"2016-06-07T23:06:59","date_gmt":"2016-06-08T03:06:59","guid":{"rendered":"https:\/\/the7.io\/psy\/?page_id=55"},"modified":"2025-09-02T11:47:46","modified_gmt":"2025-09-02T15:47:46","slug":"kids-parents","status":"publish","type":"page","link":"https:\/\/www.celiacosmas.cl\/?page_id=55","title":{"rendered":"ENFERMEDAD CEL\u00cdACA"},"content":{"rendered":"<div class=\"wpb-content-wrapper\"><p>[vc_row][vc_column width=&#8221;1\/2&#8243;]<div id=\"ultimate-heading-446169dee7fb4048a\" class=\"uvc-heading ult-adjust-bottom-margin ultimate-heading-446169dee7fb4048a uvc-5162  uvc-heading-default-font-sizes\" data-hspacer=\"no_spacer\"  data-halign=\"left\" style=\"text-align:left\"><div class=\"uvc-heading-spacer no_spacer\" style=\"top\"><\/div><div class=\"uvc-main-heading ult-responsive\"  data-ultimate-target='.uvc-heading.ultimate-heading-446169dee7fb4048a h2'  data-responsive-json-new='{\"font-size\":\"\",\"line-height\":\"\"}' ><h2 style=\"font-weight:bold;margin-bottom:20px;\">\u00bfQu\u00e9 es la enfermedad cel\u00edaca?<\/h2><\/div><\/div>[vc_column_text css=&#8221;&#8221;]La enfermedad cel\u00edaca (EC) o celiaqu\u00eda es una enfermedad multiorg\u00e1nica, autoinmune y cr\u00f3nica, que se presenta en personas gen\u00e9ticamente predispuestas, por la ingesta de gluten y prolaminas relacionadas, con manifestaciones intestinales, nutricionales y en otros \u00f3rganos o sistemas.<\/p>\n<p>El sistema inmune, al detectar gluten, act\u00faa contra el intestino delgado destruyendo las vellosidades e impidiendo as\u00ed la correcta absorci\u00f3n de nutrientes.<\/p>\n<p>Se estima que alrededor del 1% de la poblaci\u00f3n padece EC, pero solo un 10% de este grupo ha sido diagnosticado.[\/vc_column_text][vc_empty_space][\/vc_column][vc_column width=&#8221;1\/2&#8243;][vc_single_image image=&#8221;877&#8243; img_size=&#8221;350&#215;250&#8243; alignment=&#8221;center&#8221; css=&#8221;&#8221;][\/vc_column][\/vc_row][vc_row][vc_column width=&#8221;1\/6&#8243;][vc_empty_space]<style type=\"text\/css\" data-type=\"the7_shortcodes-inline-css\">#default-btn-d4d6c3d0db947fc7e097cbb0cdb1e62f.ico-right-side > i {\n  margin-right: 0px;\n  margin-left: 8px;\n}\n#default-btn-d4d6c3d0db947fc7e097cbb0cdb1e62f > i {\n  margin-right: 8px;\n}\n<\/style><a href=\"https:\/\/www.celiacosmas.cl\/?page_id=911\" class=\"default-btn-shortcode dt-btn dt-btn-m link-hover-off btn-inline-left \" id=\"default-btn-d4d6c3d0db947fc7e097cbb0cdb1e62f\" title=\"S\u00cdNTOMAS\"><span>S\u00cdNTOMAS<\/span><\/a>[\/vc_column][vc_column width=&#8221;1\/6&#8243;][vc_empty_space]<style type=\"text\/css\" data-type=\"the7_shortcodes-inline-css\">#default-btn-5384b0da966a501528d9e33c8b639c00.ico-right-side > i {\n  margin-right: 0px;\n  margin-left: 8px;\n}\n#default-btn-5384b0da966a501528d9e33c8b639c00 > i {\n  margin-right: 8px;\n}\n<\/style><a href=\"https:\/\/www.celiacosmas.cl\/?page_id=919\" class=\"default-btn-shortcode dt-btn dt-btn-m link-hover-off btn-inline-left \" id=\"default-btn-5384b0da966a501528d9e33c8b639c00\" title=\"DIAGNOSTICO\"><span>DIAGN\u00d3STICO<\/span><\/a>[\/vc_column][vc_column width=&#8221;1\/6&#8243;][vc_empty_space]<style type=\"text\/css\" data-type=\"the7_shortcodes-inline-css\">#default-btn-4ffe94875704ce2ac638cb434b19efac.ico-right-side > i {\n  margin-right: 0px;\n  margin-left: 8px;\n}\n#default-btn-4ffe94875704ce2ac638cb434b19efac > i {\n  margin-right: 8px;\n}\n<\/style><a href=\"https:\/\/www.celiacosmas.cl\/?page_id=923\" class=\"default-btn-shortcode dt-btn dt-btn-m link-hover-off btn-inline-left \" id=\"default-btn-4ffe94875704ce2ac638cb434b19efac\" title=\"G. DE RIESGO\"><span>G. DE RIESGO<\/span><\/a>[\/vc_column][vc_column width=&#8221;1\/6&#8243;][vc_empty_space]<style type=\"text\/css\" data-type=\"the7_shortcodes-inline-css\">#default-btn-ed96661c69fa6b7f0d7f11eaef487f8d.ico-right-side > i {\n  margin-right: 0px;\n  margin-left: 8px;\n}\n#default-btn-ed96661c69fa6b7f0d7f11eaef487f8d > i {\n  margin-right: 8px;\n}\n<\/style><a href=\"https:\/\/www.celiacosmas.cl\/?page_id=54\" class=\"default-btn-shortcode dt-btn dt-btn-m link-hover-off btn-inline-left \" id=\"default-btn-ed96661c69fa6b7f0d7f11eaef487f8d\" title=\"GLUTEN\"><span>GLUTEN<\/span><\/a>[\/vc_column][vc_column width=&#8221;1\/6&#8243;][vc_empty_space]<style type=\"text\/css\" data-type=\"the7_shortcodes-inline-css\">#default-btn-e2833df2a5570d2f1290207feff255c2.ico-right-side > i {\n  margin-right: 0px;\n  margin-left: 8px;\n}\n#default-btn-e2833df2a5570d2f1290207feff255c2 > i {\n  margin-right: 8px;\n}\n<\/style><a href=\"https:\/\/www.celiacosmas.cl\/?page_id=41\" class=\"default-btn-shortcode dt-btn dt-btn-m link-hover-off btn-inline-left \" id=\"default-btn-e2833df2a5570d2f1290207feff255c2\" title=\"NUTRICI\u00d3N\"><span>NUTRICI\u00d3N<\/span><\/a>[\/vc_column][vc_column width=&#8221;1\/6&#8243;][vc_empty_space]<style type=\"text\/css\" data-type=\"the7_shortcodes-inline-css\">#default-btn-b6eda39876749c842ba7a6cd2267c8e8.ico-right-side > i {\n  margin-right: 0px;\n  margin-left: 8px;\n}\n#default-btn-b6eda39876749c842ba7a6cd2267c8e8 > i {\n  margin-right: 8px;\n}\n<\/style><a href=\"https:\/\/www.celiacosmas.cl\/?page_id=1101\" class=\"default-btn-shortcode dt-btn dt-btn-m link-hover-off btn-inline-left \" id=\"default-btn-b6eda39876749c842ba7a6cd2267c8e8\" title=\"NUTRICI\u00d3N\"><span>CONTAMINACI\u00d3N<\/span><\/a>[\/vc_column][\/vc_row][vc_section][\/vc_section][vc_row][vc_column][\/vc_column][\/vc_row][vc_row][vc_column][\/vc_column][\/vc_row]<\/p>\n<\/div>","protected":false},"excerpt":{"rendered":"<p>[vc_row][vc_column width=&#8221;1\/2&#8243;][vc_column_text css=&#8221;&#8221;]La enfermedad cel\u00edaca (EC) o celiaqu\u00eda es una enfermedad multiorg\u00e1nica, autoinmune y cr\u00f3nica, que se presenta en personas gen\u00e9ticamente predispuestas, por la ingesta de gluten y prolaminas relacionadas, con manifestaciones intestinales, nutricionales y en otros \u00f3rganos o sistemas. El sistema inmune, al detectar gluten, act\u00faa contra el intestino delgado destruyendo las vellosidades e&hellip;<\/p>\n","protected":false},"author":1,"featured_media":0,"parent":0,"menu_order":0,"comment_status":"closed","ping_status":"closed","template":"","meta":{"wprm-recipe-roundup-name":"","wprm-recipe-roundup-description":"","footnotes":""},"class_list":["post-55","page","type-page","status-publish","hentry","description-off"],"_links":{"self":[{"href":"https:\/\/www.celiacosmas.cl\/index.php?rest_route=\/wp\/v2\/pages\/55","targetHints":{"allow":["GET"]}}],"collection":[{"href":"https:\/\/www.celiacosmas.cl\/index.php?rest_route=\/wp\/v2\/pages"}],"about":[{"href":"https:\/\/www.celiacosmas.cl\/index.php?rest_route=\/wp\/v2\/types\/page"}],"author":[{"embeddable":true,"href":"https:\/\/www.celiacosmas.cl\/index.php?rest_route=\/wp\/v2\/users\/1"}],"replies":[{"embeddable":true,"href":"https:\/\/www.celiacosmas.cl\/index.php?rest_route=%2Fwp%2Fv2%2Fcomments&post=55"}],"version-history":[{"count":89,"href":"https:\/\/www.celiacosmas.cl\/index.php?rest_route=\/wp\/v2\/pages\/55\/revisions"}],"predecessor-version":[{"id":1188,"href":"https:\/\/www.celiacosmas.cl\/index.php?rest_route=\/wp\/v2\/pages\/55\/revisions\/1188"}],"wp:attachment":[{"href":"https:\/\/www.celiacosmas.cl\/index.php?rest_route=%2Fwp%2Fv2%2Fmedia&parent=55"}],"curies":[{"name":"wp","href":"https:\/\/api.w.org\/{rel}","templated":true}]}}