{"id":54,"date":"2016-06-07T23:07:01","date_gmt":"2016-06-07T22:07:01","guid":{"rendered":"https:\/\/the7.io\/psy\/?page_id=54"},"modified":"2024-11-11T09:38:06","modified_gmt":"2024-11-11T13:38:06","slug":"psychotherapy","status":"publish","type":"page","link":"https:\/\/www.celiacosmas.cl\/?page_id=54","title":{"rendered":"EL GLUTEN"},"content":{"rendered":"<div class=\"wpb-content-wrapper\"><p>[vc_row type=&#8221;vc_default&#8221; css=&#8221;.vc_custom_1474212512701{margin-bottom: -50px !important;}&#8221;][vc_column offset=&#8221;vc_col-lg-8 vc_col-md-8 vc_col-xs-12&#8243; css=&#8221;.vc_custom_1474210659519{margin-bottom: 50px !important;padding-right: 25px !important;padding-left: 25px !important;}&#8221;][vc_single_image image=&#8221;755&#8243; img_size=&#8221;1000&#215;531&#8243; css=&#8221;.vc_custom_1724690968863{margin-bottom: 35px !important;}&#8221;]<div id=\"ultimate-heading-646869deed8f09cf6\" class=\"uvc-heading ult-adjust-bottom-margin ultimate-heading-646869deed8f09cf6 uvc-7764  uvc-heading-default-font-sizes\" data-hspacer=\"no_spacer\"  data-halign=\"left\" style=\"text-align:left\"><div class=\"uvc-heading-spacer no_spacer\" style=\"top\"><\/div><div class=\"uvc-main-heading ult-responsive\"  data-ultimate-target='.uvc-heading.ultimate-heading-646869deed8f09cf6 h2'  data-responsive-json-new='{\"font-size\":\"\",\"line-height\":\"\"}' ><h2 style=\"font-weight:bold;margin-bottom:10px;\">\u00bfQu\u00e9 es el gluten?<\/h2><\/div><\/div>[vc_column_text css=&#8221;.vc_custom_1724694156420{padding-bottom: 30px !important;}&#8221;]Es una prote\u00edna insoluble en agua que se encuentra principalmente en el trigo, la cebada y el centeno. Tambi\u00e9n en otras especies menos conocidas en Chile como triticale, escanda com\u00fan, espelta y kamut. La avena en su estado natural no contiene gluten, pero se considera no apta ya que es muy dif\u00edcil que no se contamine en los procesos de cosecha, transporte e industrializaci\u00f3n. Solo se debe consumir la avena certificada libre de gluten.[\/vc_column_text]<div id=\"ultimate-heading-427869deed8f09d4d\" class=\"uvc-heading ult-adjust-bottom-margin ultimate-heading-427869deed8f09d4d uvc-2132  uvc-heading-default-font-sizes\" data-hspacer=\"no_spacer\"  data-halign=\"left\" style=\"text-align:left\"><div class=\"uvc-heading-spacer no_spacer\" style=\"top\"><\/div><div class=\"uvc-main-heading ult-responsive\"  data-ultimate-target='.uvc-heading.ultimate-heading-427869deed8f09d4d h2'  data-responsive-json-new='{\"font-size\":\"\",\"line-height\":\"\"}' ><h2 style=\"font-weight:bold;margin-bottom:10px;\">\u00bfPara qu\u00e9 sirve el gluten?<\/h2><\/div><div class=\"uvc-sub-heading ult-responsive\"  data-ultimate-target='.uvc-heading.ultimate-heading-427869deed8f09d4d .uvc-sub-heading '  data-responsive-json-new='{\"font-size\":\"\",\"line-height\":\"\"}'  style=\"font-weight:normal;\">El gluten es una prote\u00edna de bajo valor nutricional por lo que no es indispensable en la dieta de los seres humanos, pero es muy valorado en la industria alimentaria ya que da elasticidad y esponjosidad a las masas y panes.<\/div><\/div>[vc_column_text css=&#8221;.vc_custom_1724694230926{padding-bottom: 30px !important;}&#8221;]El gluten es una prote\u00edna de bajo valor nutricional por lo que no es indispensable en la dieta de los seres humanos, pero es muy valorado en la industria alimentaria ya que da elasticidad y esponjosidad a las masas y panes.[\/vc_column_text]<div id=\"ultimate-heading-138469deed8f09d6b\" class=\"uvc-heading ult-adjust-bottom-margin ultimate-heading-138469deed8f09d6b uvc-8365  uvc-heading-default-font-sizes\" data-hspacer=\"no_spacer\"  data-halign=\"left\" style=\"text-align:left\"><div class=\"uvc-heading-spacer no_spacer\" style=\"top\"><\/div><div class=\"uvc-main-heading ult-responsive\"  data-ultimate-target='.uvc-heading.ultimate-heading-138469deed8f09d6b h2'  data-responsive-json-new='{\"font-size\":\"\",\"line-height\":\"\"}' ><h2 style=\"font-weight:bold;margin-bottom:10px;\">\u00bfQu\u00e9 me provoca el da\u00f1o?<\/h2><\/div><div class=\"uvc-sub-heading ult-responsive\"  data-ultimate-target='.uvc-heading.ultimate-heading-138469deed8f09d6b .uvc-sub-heading '  data-responsive-json-new='{\"font-size\":\"\",\"line-height\":\"\"}'  style=\"font-weight:normal;\">El gluten es una prote\u00edna de bajo valor nutricional por lo que no es indispensable en la dieta de los seres humanos, pero es muy valorado en la industria alimentaria ya que da elasticidad y esponjosidad a las masas y panes.<\/div><\/div>[vc_column_text css=&#8221;.vc_custom_1724694247806{padding-bottom: 30px !important;}&#8221;]El gluten est\u00e1 compuesto por gluteninas y gliadinas, y son estas \u00faltimas las que hacen da\u00f1o al cel\u00edaco al entrar por v\u00eda digestiva.[\/vc_column_text][\/vc_column][vc_column offset=&#8221;vc_col-lg-4 vc_col-md-4 vc_col-xs-12&#8243; css=&#8221;.vc_custom_1474210785130{margin-bottom: 50px !important;padding-right: 25px !important;padding-left: 25px !important;}&#8221;][\/vc_column][\/vc_row][vc_row][vc_column][\/vc_column][\/vc_row][vc_row][vc_column width=&#8221;1\/6&#8243;]<style type=\"text\/css\" data-type=\"the7_shortcodes-inline-css\">#default-btn-43cd90147aa96019ff614d255586cd0a.ico-right-side > i {\n  margin-right: 0px;\n  margin-left: 8px;\n}\n#default-btn-43cd90147aa96019ff614d255586cd0a > i {\n  margin-right: 8px;\n}\n<\/style><a href=\"https:\/\/www.celiacosmas.cl\/?page_id=55\" class=\"default-btn-shortcode dt-btn dt-btn-m link-hover-off btn-inline-left \" id=\"default-btn-43cd90147aa96019ff614d255586cd0a\" title=\"ENFERMEDAD CEL\u00cdACA\"><span>E. CEL\u00cdACA<\/span><\/a>[\/vc_column][vc_column width=&#8221;1\/6&#8243;]<style type=\"text\/css\" data-type=\"the7_shortcodes-inline-css\">#default-btn-d4d6c3d0db947fc7e097cbb0cdb1e62f.ico-right-side > i {\n  margin-right: 0px;\n  margin-left: 8px;\n}\n#default-btn-d4d6c3d0db947fc7e097cbb0cdb1e62f > i {\n  margin-right: 8px;\n}\n<\/style><a href=\"https:\/\/www.celiacosmas.cl\/?page_id=911\" class=\"default-btn-shortcode dt-btn dt-btn-m link-hover-off btn-inline-left \" id=\"default-btn-d4d6c3d0db947fc7e097cbb0cdb1e62f\" title=\"S\u00cdNTOMAS\"><span>S\u00cdNTOMAS<\/span><\/a>[\/vc_column][vc_column width=&#8221;1\/6&#8243;]<style type=\"text\/css\" data-type=\"the7_shortcodes-inline-css\">#default-btn-5384b0da966a501528d9e33c8b639c00.ico-right-side > i {\n  margin-right: 0px;\n  margin-left: 8px;\n}\n#default-btn-5384b0da966a501528d9e33c8b639c00 > i {\n  margin-right: 8px;\n}\n<\/style><a href=\"https:\/\/www.celiacosmas.cl\/?page_id=919\" class=\"default-btn-shortcode dt-btn dt-btn-m link-hover-off btn-inline-left \" id=\"default-btn-5384b0da966a501528d9e33c8b639c00\" title=\"DIAGNOSTICO\"><span>DIAGN\u00d3STICO<\/span><\/a>[\/vc_column][vc_column width=&#8221;1\/6&#8243;]<style type=\"text\/css\" data-type=\"the7_shortcodes-inline-css\">#default-btn-4ffe94875704ce2ac638cb434b19efac.ico-right-side > i {\n  margin-right: 0px;\n  margin-left: 8px;\n}\n#default-btn-4ffe94875704ce2ac638cb434b19efac > i {\n  margin-right: 8px;\n}\n<\/style><a href=\"https:\/\/www.celiacosmas.cl\/?page_id=923\" class=\"default-btn-shortcode dt-btn dt-btn-m link-hover-off btn-inline-left \" id=\"default-btn-4ffe94875704ce2ac638cb434b19efac\" title=\"G. DE RIESGO\"><span>G. DE RIESGO<\/span><\/a>[\/vc_column][vc_column width=&#8221;1\/6&#8243;]<style type=\"text\/css\" data-type=\"the7_shortcodes-inline-css\">#default-btn-e2833df2a5570d2f1290207feff255c2.ico-right-side > i {\n  margin-right: 0px;\n  margin-left: 8px;\n}\n#default-btn-e2833df2a5570d2f1290207feff255c2 > i {\n  margin-right: 8px;\n}\n<\/style><a href=\"https:\/\/www.celiacosmas.cl\/?page_id=41\" class=\"default-btn-shortcode dt-btn dt-btn-m link-hover-off btn-inline-left \" id=\"default-btn-e2833df2a5570d2f1290207feff255c2\" title=\"NUTRICI\u00d3N\"><span>NUTRICI\u00d3N<\/span><\/a>[\/vc_column][vc_column width=&#8221;1\/6&#8243;]<style type=\"text\/css\" data-type=\"the7_shortcodes-inline-css\">#default-btn-b6eda39876749c842ba7a6cd2267c8e8.ico-right-side > i {\n  margin-right: 0px;\n  margin-left: 8px;\n}\n#default-btn-b6eda39876749c842ba7a6cd2267c8e8 > i {\n  margin-right: 8px;\n}\n<\/style><a href=\"https:\/\/www.celiacosmas.cl\/?page_id=1101\" class=\"default-btn-shortcode dt-btn dt-btn-m link-hover-off btn-inline-left \" id=\"default-btn-b6eda39876749c842ba7a6cd2267c8e8\" title=\"NUTRICI\u00d3N\"><span>CONTAMINACI\u00d3N<\/span><\/a>[\/vc_column][\/vc_row]<\/p>\n<\/div>","protected":false},"excerpt":{"rendered":"<p>[vc_row type=&#8221;vc_default&#8221; css=&#8221;.vc_custom_1474212512701{margin-bottom: -50px !important;}&#8221;][vc_column offset=&#8221;vc_col-lg-8 vc_col-md-8 vc_col-xs-12&#8243; css=&#8221;.vc_custom_1474210659519{margin-bottom: 50px !important;padding-right: 25px !important;padding-left: 25px !important;}&#8221;][vc_single_image image=&#8221;755&#8243; img_size=&#8221;1000&#215;531&#8243; css=&#8221;.vc_custom_1724690968863{margin-bottom: 35px !important;}&#8221;][vc_column_text css=&#8221;.vc_custom_1724694156420{padding-bottom: 30px !important;}&#8221;]Es una prote\u00edna insoluble en agua que se encuentra principalmente en el trigo, la cebada y el centeno. Tambi\u00e9n en otras especies menos conocidas en Chile como triticale, escanda com\u00fan, espelta y kamut.&hellip;<\/p>\n","protected":false},"author":1,"featured_media":0,"parent":55,"menu_order":0,"comment_status":"closed","ping_status":"closed","template":"","meta":{"wprm-recipe-roundup-name":"","wprm-recipe-roundup-description":"","footnotes":""},"class_list":["post-54","page","type-page","status-publish","hentry","description-off"],"_links":{"self":[{"href":"https:\/\/www.celiacosmas.cl\/index.php?rest_route=\/wp\/v2\/pages\/54","targetHints":{"allow":["GET"]}}],"collection":[{"href":"https:\/\/www.celiacosmas.cl\/index.php?rest_route=\/wp\/v2\/pages"}],"about":[{"href":"https:\/\/www.celiacosmas.cl\/index.php?rest_route=\/wp\/v2\/types\/page"}],"author":[{"embeddable":true,"href":"https:\/\/www.celiacosmas.cl\/index.php?rest_route=\/wp\/v2\/users\/1"}],"replies":[{"embeddable":true,"href":"https:\/\/www.celiacosmas.cl\/index.php?rest_route=%2Fwp%2Fv2%2Fcomments&post=54"}],"version-history":[{"count":18,"href":"https:\/\/www.celiacosmas.cl\/index.php?rest_route=\/wp\/v2\/pages\/54\/revisions"}],"predecessor-version":[{"id":1135,"href":"https:\/\/www.celiacosmas.cl\/index.php?rest_route=\/wp\/v2\/pages\/54\/revisions\/1135"}],"up":[{"embeddable":true,"href":"https:\/\/www.celiacosmas.cl\/index.php?rest_route=\/wp\/v2\/pages\/55"}],"wp:attachment":[{"href":"https:\/\/www.celiacosmas.cl\/index.php?rest_route=%2Fwp%2Fv2%2Fmedia&parent=54"}],"curies":[{"name":"wp","href":"https:\/\/api.w.org\/{rel}","templated":true}]}}