{"id":43,"date":"2016-06-07T22:05:40","date_gmt":"2016-06-08T02:05:40","guid":{"rendered":"https:\/\/the7.io\/psy\/?page_id=43"},"modified":"2025-09-02T11:49:27","modified_gmt":"2025-09-02T15:49:27","slug":"services","status":"publish","type":"page","link":"https:\/\/www.celiacosmas.cl\/?page_id=43","title":{"rendered":"PROGRAMA CELIACOMPA\u00d1A"},"content":{"rendered":"<div class=\"wpb-content-wrapper\"><p>[vc_row][vc_column][vc_row_inner css=&#8221;.vc_custom_1495561152861{padding-top: 30px !important;padding-right: 30px !important;padding-bottom: 30px !important;padding-left: 30px !important;}&#8221;][vc_column_inner width=&#8221;1\/2&#8243;][vc_empty_space]<div id=\"ultimate-heading-511569dee8192dfe8\" class=\"uvc-heading ult-adjust-bottom-margin ultimate-heading-511569dee8192dfe8 uvc-9402 \" data-hspacer=\"no_spacer\"  data-halign=\"center\" style=\"text-align:center\"><div class=\"uvc-heading-spacer no_spacer\" style=\"top\"><\/div><div class=\"uvc-main-heading ult-responsive\"  data-ultimate-target='.uvc-heading.ultimate-heading-511569dee8192dfe8 h2'  data-responsive-json-new='{\"font-size\":\"desktop:24px;\",\"line-height\":\"desktop:30px;\"}' ><h2 style=\"font-weight:bold;margin-bottom:10px;\">\u00bfEst\u00e1s reci\u00e9n diagnosticado y no sabes por d\u00f3nde empezar?<\/h2><\/div><div class=\"uvc-sub-heading ult-responsive\"  data-ultimate-target='.uvc-heading.ultimate-heading-511569dee8192dfe8 .uvc-sub-heading '  data-responsive-json-new='{\"font-size\":\"\",\"line-height\":\"\"}'  style=\"font-weight:normal;\"><\/p>\n<h1 style=\"text-align: center;\"><strong>\u00a1NOSOTROS TE APOYAMOS!<\/strong><\/h1>\n<p><\/div><\/div>[vc_column_text css=&#8221;.vc_custom_1756828166049{padding-bottom: 20px !important;}&#8221;]<\/p>\n<p style=\"text-align: center;\">Te invitamos a participar en nuestro programa de acompa\u00f1amiento CELIACOMPA\u00d1A, cuyo objetivo es capacitar y acompa\u00f1ar a personas con enfermedad cel\u00edaca y sus familias en el proceso de adopci\u00f3n de la dieta libre de gluten luego del diagn\u00f3stico.<\/p>\n<p style=\"text-align: center;\">En 5 sesiones conversaremos sobre los distintos temas que m\u00e1s preocupan a las familias de cel\u00edacos.<\/p>\n<p>[\/vc_column_text][\/vc_column_inner][vc_column_inner width=&#8221;1\/2&#8243;][vc_single_image image=&#8221;1027&#8243; img_size=&#8221;medium&#8221; alignment=&#8221;center&#8221; css=&#8221;&#8221;][\/vc_column_inner][\/vc_row_inner][\/vc_column][\/vc_row][vc_row][vc_column][vc_btn title=&#8221;Agenda aqu\u00ed&#8221; style=&#8221;3d&#8221; color=&#8221;warning&#8221; size=&#8221;lg&#8221; align=&#8221;center&#8221; css=&#8221;&#8221; link=&#8221;url:https%3A%2F%2Fwww.celiacosmas.cl%2F%3Fpage_id%3D61|title:Inscripci%C3%B3n%20Celiacompa%C3%B1a&#8221;][vc_empty_space][\/vc_column][\/vc_row][vc_row gap=&#8221;30&#8243; equal_height=&#8221;yes&#8221; type=&#8221;vc_default&#8221; css=&#8221;.vc_custom_1474212406595{margin-top: -15px !important;margin-bottom: -15px !important;padding-right: 25px !important;padding-left: 25px !important;}&#8221;][vc_column width=&#8221;1\/2&#8243; css=&#8221;.vc_custom_1729708240824{padding-top: 0px !important;padding-right: 0px !important;padding-bottom: 0px !important;padding-left: 0px !important;background-color: #f4f4f4 !important;border-color: #cecece !important;}&#8221;][vc_row_inner css=&#8221;.vc_custom_1495561152861{padding-top: 30px !important;padding-right: 30px !important;padding-bottom: 30px !important;padding-left: 30px !important;}&#8221;][vc_column_inner width=&#8221;1\/2&#8243;][vc_single_image image=&#8221;1061&#8243; img_size=&#8221;medium&#8221; css=&#8221;&#8221;][\/vc_column_inner][vc_column_inner width=&#8221;1\/2&#8243;][vc_empty_space]<div id=\"ultimate-heading-487969dee8192e01e\" class=\"uvc-heading ult-adjust-bottom-margin ultimate-heading-487969dee8192e01e uvc-8809 \" data-hspacer=\"no_spacer\"  data-halign=\"left\" style=\"text-align:left\"><div class=\"uvc-heading-spacer no_spacer\" style=\"top\"><\/div><div class=\"uvc-main-heading ult-responsive\"  data-ultimate-target='.uvc-heading.ultimate-heading-487969dee8192e01e h2'  data-responsive-json-new='{\"font-size\":\"desktop:20px;\",\"line-height\":\"desktop:30px;\"}' ><h2 style=\"font-weight:bold;margin-bottom:10px;\">SESI\u00d3N 1<\/h2><\/div><\/div>[vc_column_text css=&#8221;.vc_custom_1730127639776{padding-bottom: 20px !important;}&#8221;]\u00bfQu\u00e9 es la Enfermedad Cel\u00edaca?<br \/>\n\u00bfC\u00f3mo se hace el diagn\u00f3stico?<br \/>\n\u00bfCu\u00e1les son los s\u00edntomas?[\/vc_column_text][\/vc_column_inner][\/vc_row_inner][\/vc_column][vc_column width=&#8221;1\/2&#8243; css=&#8221;.vc_custom_1465513512966{padding-top: 0px !important;padding-right: 0px !important;padding-bottom: 0px !important;padding-left: 0px !important;background-color: #f4f4f4 !important;}&#8221;][vc_row_inner css=&#8221;.vc_custom_1495561152861{padding-top: 30px !important;padding-right: 30px !important;padding-bottom: 30px !important;padding-left: 30px !important;}&#8221;][vc_column_inner width=&#8221;1\/2&#8243;][vc_empty_space]<div id=\"ultimate-heading-521369dee8192e03a\" class=\"uvc-heading ult-adjust-bottom-margin ultimate-heading-521369dee8192e03a uvc-15 \" data-hspacer=\"no_spacer\"  data-halign=\"left\" style=\"text-align:left\"><div class=\"uvc-heading-spacer no_spacer\" style=\"top\"><\/div><div class=\"uvc-main-heading ult-responsive\"  data-ultimate-target='.uvc-heading.ultimate-heading-521369dee8192e03a h2'  data-responsive-json-new='{\"font-size\":\"desktop:20px;\",\"line-height\":\"desktop:30px;\"}' ><h2 style=\"font-weight:bold;margin-bottom:10px;\">SESI\u00d3N 2<\/h2><\/div><\/div>[vc_column_text css=&#8221;.vc_custom_1729708696286{padding-bottom: 20px !important;}&#8221;]\u00bfQu\u00e9 es el gluten y c\u00f3mo identificarlo?<br \/>\n\u00bfCu\u00e1les alimentos son aptos para cel\u00edacos?[\/vc_column_text][\/vc_column_inner][vc_column_inner width=&#8221;1\/2&#8243;][vc_single_image image=&#8221;1063&#8243; img_size=&#8221;medium&#8221; css=&#8221;&#8221;][\/vc_column_inner][\/vc_row_inner][\/vc_column][vc_column width=&#8221;1\/2&#8243; css=&#8221;.vc_custom_1467299258131{padding-top: 0px !important;padding-right: 0px !important;padding-bottom: 0px !important;padding-left: 0px !important;background-color: #f4f4f4 !important;}&#8221;][vc_row_inner css=&#8221;.vc_custom_1495561152861{padding-top: 30px !important;padding-right: 30px !important;padding-bottom: 30px !important;padding-left: 30px !important;}&#8221;][vc_column_inner width=&#8221;1\/2&#8243;][vc_single_image image=&#8221;1066&#8243; img_size=&#8221;medium&#8221; css=&#8221;&#8221;][\/vc_column_inner][vc_column_inner width=&#8221;1\/2&#8243;][vc_empty_space]<div id=\"ultimate-heading-75869dee8192e053\" class=\"uvc-heading ult-adjust-bottom-margin ultimate-heading-75869dee8192e053 uvc-7054 \" data-hspacer=\"no_spacer\"  data-halign=\"left\" style=\"text-align:left\"><div class=\"uvc-heading-spacer no_spacer\" style=\"top\"><\/div><div class=\"uvc-main-heading ult-responsive\"  data-ultimate-target='.uvc-heading.ultimate-heading-75869dee8192e053 h2'  data-responsive-json-new='{\"font-size\":\"desktop:20px;\",\"line-height\":\"desktop:30px;\"}' ><h2 style=\"font-weight:bold;margin-bottom:10px;\">SESI\u00d3N 3<\/h2><\/div><\/div>[vc_column_text css=&#8221;.vc_custom_1729708844162{padding-bottom: 20px !important;}&#8221;]\u00bfQu\u00e9 es la contaminaci\u00f3n cruzada y c\u00f3mo evitarla en casa?[\/vc_column_text][\/vc_column_inner][\/vc_row_inner][\/vc_column][vc_column width=&#8221;1\/2&#8243; css=&#8221;.vc_custom_1467299284419{padding-top: 0px !important;padding-right: 0px !important;padding-bottom: 0px !important;padding-left: 0px !important;background-color: #f4f4f4 !important;}&#8221;][vc_row_inner css=&#8221;.vc_custom_1495561152861{padding-top: 30px !important;padding-right: 30px !important;padding-bottom: 30px !important;padding-left: 30px !important;}&#8221;][vc_column_inner width=&#8221;1\/2&#8243;][vc_empty_space]<div id=\"ultimate-heading-967169dee8192e06b\" class=\"uvc-heading ult-adjust-bottom-margin ultimate-heading-967169dee8192e06b uvc-3158 \" data-hspacer=\"no_spacer\"  data-halign=\"left\" style=\"text-align:left\"><div class=\"uvc-heading-spacer no_spacer\" style=\"top\"><\/div><div class=\"uvc-main-heading ult-responsive\"  data-ultimate-target='.uvc-heading.ultimate-heading-967169dee8192e06b h2'  data-responsive-json-new='{\"font-size\":\"desktop:20px;\",\"line-height\":\"desktop:30px;\"}' ><h2 style=\"font-weight:bold;margin-bottom:10px;\">SESI\u00d3N 4<\/h2><\/div><\/div>[vc_column_text css=&#8221;.vc_custom_1729709079316{padding-bottom: 20px !important;}&#8221;]Etiquetado nutricional.<\/p>\n<p>Como leerlo e interpretarlo.[\/vc_column_text][\/vc_column_inner][vc_column_inner width=&#8221;1\/2&#8243;][vc_single_image image=&#8221;1072&#8243; img_size=&#8221;medium&#8221; css=&#8221;&#8221;][\/vc_column_inner][\/vc_row_inner][\/vc_column][vc_column width=&#8221;1\/2&#8243; css=&#8221;.vc_custom_1467299293019{padding-top: 0px !important;padding-right: 0px !important;padding-bottom: 0px !important;padding-left: 0px !important;background-color: #f4f4f4 !important;}&#8221;][vc_row_inner css=&#8221;.vc_custom_1495561152861{padding-top: 30px !important;padding-right: 30px !important;padding-bottom: 30px !important;padding-left: 30px !important;}&#8221;][vc_column_inner width=&#8221;1\/2&#8243;][vc_single_image image=&#8221;1074&#8243; img_size=&#8221;medium&#8221; css=&#8221;&#8221;][\/vc_column_inner][vc_column_inner width=&#8221;1\/2&#8243;][vc_empty_space]<div id=\"ultimate-heading-803269dee8192e083\" class=\"uvc-heading ult-adjust-bottom-margin ultimate-heading-803269dee8192e083 uvc-7159 \" data-hspacer=\"no_spacer\"  data-halign=\"left\" style=\"text-align:left\"><div class=\"uvc-heading-spacer no_spacer\" style=\"top\"><\/div><div class=\"uvc-main-heading ult-responsive\"  data-ultimate-target='.uvc-heading.ultimate-heading-803269dee8192e083 h2'  data-responsive-json-new='{\"font-size\":\"desktop:20px;\",\"line-height\":\"desktop:30px;\"}' ><h2 style=\"font-weight:bold;margin-bottom:10px;\">SESI\u00d3N 5<\/h2><\/div><\/div>[vc_column_text css=&#8221;.vc_custom_1729709196244{padding-bottom: 20px !important;}&#8221;]Recomendaciones para el d\u00eda a d\u00eda.[\/vc_column_text][\/vc_column_inner][\/vc_row_inner][\/vc_column][\/vc_row]<\/p>\n<\/div>","protected":false},"excerpt":{"rendered":"<p>[vc_row][vc_column][vc_row_inner css=&#8221;.vc_custom_1495561152861{padding-top: 30px !important;padding-right: 30px !important;padding-bottom: 30px !important;padding-left: 30px !important;}&#8221;][vc_column_inner width=&#8221;1\/2&#8243;][vc_empty_space][vc_column_text css=&#8221;.vc_custom_1756828166049{padding-bottom: 20px !important;}&#8221;] Te invitamos a participar en nuestro programa de acompa\u00f1amiento CELIACOMPA\u00d1A, cuyo objetivo es capacitar y acompa\u00f1ar a personas con enfermedad cel\u00edaca y sus familias en el proceso de adopci\u00f3n de la dieta libre de gluten luego del diagn\u00f3stico. En 5 sesiones&hellip;<\/p>\n","protected":false},"author":1,"featured_media":0,"parent":0,"menu_order":3,"comment_status":"closed","ping_status":"closed","template":"","meta":{"wprm-recipe-roundup-name":"","wprm-recipe-roundup-description":"","footnotes":""},"class_list":["post-43","page","type-page","status-publish","hentry","description-off"],"_links":{"self":[{"href":"https:\/\/www.celiacosmas.cl\/index.php?rest_route=\/wp\/v2\/pages\/43","targetHints":{"allow":["GET"]}}],"collection":[{"href":"https:\/\/www.celiacosmas.cl\/index.php?rest_route=\/wp\/v2\/pages"}],"about":[{"href":"https:\/\/www.celiacosmas.cl\/index.php?rest_route=\/wp\/v2\/types\/page"}],"author":[{"embeddable":true,"href":"https:\/\/www.celiacosmas.cl\/index.php?rest_route=\/wp\/v2\/users\/1"}],"replies":[{"embeddable":true,"href":"https:\/\/www.celiacosmas.cl\/index.php?rest_route=%2Fwp%2Fv2%2Fcomments&post=43"}],"version-history":[{"count":60,"href":"https:\/\/www.celiacosmas.cl\/index.php?rest_route=\/wp\/v2\/pages\/43\/revisions"}],"predecessor-version":[{"id":1189,"href":"https:\/\/www.celiacosmas.cl\/index.php?rest_route=\/wp\/v2\/pages\/43\/revisions\/1189"}],"wp:attachment":[{"href":"https:\/\/www.celiacosmas.cl\/index.php?rest_route=%2Fwp%2Fv2%2Fmedia&parent=43"}],"curies":[{"name":"wp","href":"https:\/\/api.w.org\/{rel}","templated":true}]}}