{"id":41,"date":"2016-06-07T22:05:16","date_gmt":"2016-06-08T02:05:16","guid":{"rendered":"https:\/\/the7.io\/psy\/?page_id=41"},"modified":"2024-11-11T11:04:07","modified_gmt":"2024-11-11T15:04:07","slug":"service-page","status":"publish","type":"page","link":"https:\/\/www.celiacosmas.cl\/?page_id=41","title":{"rendered":"NUTRICI\u00d3N"},"content":{"rendered":"<div class=\"wpb-content-wrapper\"><p>[vc_row type=&#8221;vc_default&#8221; css=&#8221;.vc_custom_1474212455358{margin-bottom: -50px !important;}&#8221;][vc_column width=&#8221;1\/2&#8243; offset=&#8221;vc_col-lg-12 vc_col-md-8 vc_col-xs-12&#8243; css=&#8221;.vc_custom_1731327001437{margin-bottom: 50px !important;padding-top: 0px !important;padding-right: 25px !important;padding-bottom: 25px !important;padding-left: 25px !important;}&#8221;][vc_column_text css=&#8221;.vc_custom_1724694951355{padding-top: 0px !important;padding-bottom: 30px !important;}&#8221;]La nutrici\u00f3n para las personas con enfermedad cel\u00edaca es clave. Una dieta libre de gluten, estricta y de por vida es el \u00fanico tratamiento para aliviar los s\u00edntomas y revertir el da\u00f1o que se produce en el intestino delgado.[\/vc_column_text][vc_single_image image=&#8221;760&#8243; img_size=&#8221;1000&#215;531&#8243; css=&#8221;.vc_custom_1724694393419{margin-bottom: 35px !important;}&#8221;]<div id=\"ultimate-heading-326869dee7ba7ad39\" class=\"uvc-heading ult-adjust-bottom-margin ultimate-heading-326869dee7ba7ad39 uvc-405  uvc-heading-default-font-sizes\" data-hspacer=\"no_spacer\"  data-halign=\"left\" style=\"text-align:left\"><div class=\"uvc-heading-spacer no_spacer\" style=\"top\"><\/div><div class=\"uvc-main-heading ult-responsive\"  data-ultimate-target='.uvc-heading.ultimate-heading-326869dee7ba7ad39 h2'  data-responsive-json-new='{\"font-size\":\"\",\"line-height\":\"\"}' ><h2 style=\"font-weight:bold;margin-bottom:20px;\">Dieta Libre de Gluten<\/h2><\/div><\/div>[vc_column_text css=&#8221;&#8221;]La nutrici\u00f3n en una dieta libre de gluten es de suma importancia para una adecuada ingesta de nutrientes. Se debe favorecer el consumo de alimentos naturalmente libres de gluten, como frutas, verduras, cereales, prote\u00ednas y legumbres, y evitar el consumo excesivo de alimentos procesados, puesto que contienen, generalmente, mayor cantidad de az\u00facar y grasas que los alimentos procesados con gluten.<\/p>\n<ul>\n<li>Prefiere alimentos naturalmente libres de gluten.<\/li>\n<li>Nunca compres alimentos a granel, ya que se pueden contaminar con otros productos con gluten.<\/li>\n<li>Todos los alimentos procesados o envasados que consumas, deben tener el s\u00edmbolo de la espiga tachada o el t\u00e9rmino &#8220;libre de gluten&#8221; o deben figurar en un listado oficial de alimentos libres de gluten. Ante la duda de si un producto puede contener gluten, no lo consumas.<\/li>\n<\/ul>\n<p>[\/vc_column_text][\/vc_column][\/vc_row][vc_row][vc_column][vc_tta_accordion c_icon=&#8221;chevron&#8221; active_section=&#8221;0&#8243; collapsible_all=&#8221;true&#8221;][vc_tta_section title=&#8221;Alimentos Naturalmente Libres de Gluten&#8221; tab_id=&#8221;1726155449193-95b3899a-3ce8&#8243;][vc_column_text css=&#8221;&#8221;]<\/p>\n<ul>\n<li>Legumbres y semillas: consumir solo aquellas que tengan logo sin gluten, jam\u00e1s a granel.<\/li>\n<li>Frutos secos: consumir solo aquellos con c\u00e1scara o que tengan logo sin gluten, jam\u00e1s a granel.<\/li>\n<li>Cereales y pseudocereales sin gluten: ma\u00edz, arroz, qu\u00ednoa, trigo sarraceno, avena libre de gluten y sus derivados. Siempre elegir aquello con logo sin gluten.<\/li>\n<li>Tub\u00e9rculos y ra\u00edces como papas, mandiocas, camotes, etc<\/li>\n<li>Frutas y verduras al natural, bien lavadas. Si vienen envasadas (congeladas o con alg\u00fan proceso industrial) deben tener logo sin gluten.<\/li>\n<li>Huevos<\/li>\n<li>Carnes frescas de todo tipo: vacuno, aves, cerdo, pescado. Preferir aquellas carnes no marinadas. Si tienen ali\u00f1os o son marinadas, elige las que tengan logo sin gluten.<\/li>\n<li>T\u00e9, aguas de hierbas y especias: elegir aquellos con logo o cultivar en casa.<\/li>\n<li>Aceite de oliva<\/li>\n<li>Aceite de maravilla: prefiere aquellos con logo sin gluten<\/li>\n<\/ul>\n<p>Elige siempre productos que no se vendan a granel y, en el caso de los productos envasados, aquellos que cuenten con logo de certificaci\u00f3n.[\/vc_column_text][\/vc_tta_section][vc_tta_section title=&#8221;Certificaciones en Chile&#8221; tab_id=&#8221;1726155449226-cbbb571c-7a1f&#8221;][vc_column_text css=&#8221;&#8221;]En Chile hay dos instituciones que certifican alimentos libres de gluten:<\/p>\n<p>COACEL y FUNDACION CONVIVIR<\/p>\n<p>Ambas tienen listados de alimentos certificados que puedes encontrar en sus respectivas p\u00e1ginas web. Convivir, por su parte, tiene una aplicaci\u00f3n donde puedes encontrar m\u00e1s f\u00e1cilmente los alimentos certificados por ellos. Ambas listas se complementan, ya que las empresas generalmente certifican sus productos en una sola.[\/vc_column_text][\/vc_tta_section][vc_tta_section title=&#8221;Etiquetado de Alimentos&#8221; tab_id=&#8221;1726155449249-177ff8c7-3819&#8243;][vc_column_text css=&#8221;&#8221;]<\/p>\n<ul>\n<li>Verificar en cada producto el <strong>logo de la espiga tachada<\/strong>, el texto \u201cLibre de gluten\u201d o que aparezca en alguna de las listas de productos certificados. Que una marca tenga un producto certificado, no implica que la marca completa sea libre de gluten. Tampoco significa que ese producto sea libre de gluten en todas sus versiones y tama\u00f1os.<\/li>\n<li><strong>Fecha de vencimiento<\/strong>: muchas veces los cel\u00edacos compramos en grandes cantidades, ya sea por poca disponibilidad o por encontrar una oferta. Antes de hacerlo, debemos considerar si alcanzaremos a consumirlo antes de la fecha de vencimiento.<\/li>\n<li><strong>Ingredientes<\/strong>: los ingredientes se indican en orden, de mayor a menor seg\u00fan la cantidad presente en el alimento. Debemos preferir aquellos alimentos procesados m\u00e1s saludables.<\/li>\n<li><strong>Aditivos<\/strong>: se usan en t\u00e9rminos gen\u00e9ricos y es aqu\u00ed donde podemos encontrar gluten oculto.<\/li>\n<\/ul>\n<p>No basta con leer los ingredientes, nuestro alimento debe tener el logo de la espiga tachada, el texto \u201cLibre de gluten\u201d o estar presente en alguno de los listados de productos certificados.[\/vc_column_text][\/vc_tta_section][\/vc_tta_accordion][vc_empty_space][\/vc_column][\/vc_row][vc_row][vc_column width=&#8221;1\/6&#8243; offset=&#8221;vc_hidden-xs&#8221;]<style type=\"text\/css\" data-type=\"the7_shortcodes-inline-css\">#default-btn-43cd90147aa96019ff614d255586cd0a.ico-right-side > i {\n  margin-right: 0px;\n  margin-left: 8px;\n}\n#default-btn-43cd90147aa96019ff614d255586cd0a > i {\n  margin-right: 8px;\n}\n<\/style><a href=\"https:\/\/www.celiacosmas.cl\/?page_id=55\" class=\"default-btn-shortcode dt-btn dt-btn-m link-hover-off btn-inline-left \" id=\"default-btn-43cd90147aa96019ff614d255586cd0a\" title=\"ENFERMEDAD CEL\u00cdACA\"><span>E. CEL\u00cdACA<\/span><\/a>[\/vc_column][vc_column width=&#8221;1\/6&#8243; offset=&#8221;vc_hidden-xs&#8221;]<style type=\"text\/css\" data-type=\"the7_shortcodes-inline-css\">#default-btn-d4d6c3d0db947fc7e097cbb0cdb1e62f.ico-right-side > i {\n  margin-right: 0px;\n  margin-left: 8px;\n}\n#default-btn-d4d6c3d0db947fc7e097cbb0cdb1e62f > i {\n  margin-right: 8px;\n}\n<\/style><a href=\"https:\/\/www.celiacosmas.cl\/?page_id=911\" class=\"default-btn-shortcode dt-btn dt-btn-m link-hover-off btn-inline-left \" id=\"default-btn-d4d6c3d0db947fc7e097cbb0cdb1e62f\" title=\"S\u00cdNTOMAS\"><span>S\u00cdNTOMAS<\/span><\/a>[\/vc_column][vc_column width=&#8221;1\/6&#8243; offset=&#8221;vc_hidden-xs&#8221;]<style type=\"text\/css\" data-type=\"the7_shortcodes-inline-css\">#default-btn-5384b0da966a501528d9e33c8b639c00.ico-right-side > i {\n  margin-right: 0px;\n  margin-left: 8px;\n}\n#default-btn-5384b0da966a501528d9e33c8b639c00 > i {\n  margin-right: 8px;\n}\n<\/style><a href=\"https:\/\/www.celiacosmas.cl\/?page_id=919\" class=\"default-btn-shortcode dt-btn dt-btn-m link-hover-off btn-inline-left \" id=\"default-btn-5384b0da966a501528d9e33c8b639c00\" title=\"DIAGNOSTICO\"><span>DIAGN\u00d3STICO<\/span><\/a>[\/vc_column][vc_column width=&#8221;1\/6&#8243; offset=&#8221;vc_hidden-xs&#8221;]<style type=\"text\/css\" data-type=\"the7_shortcodes-inline-css\">#default-btn-4ffe94875704ce2ac638cb434b19efac.ico-right-side > i {\n  margin-right: 0px;\n  margin-left: 8px;\n}\n#default-btn-4ffe94875704ce2ac638cb434b19efac > i {\n  margin-right: 8px;\n}\n<\/style><a href=\"https:\/\/www.celiacosmas.cl\/?page_id=923\" class=\"default-btn-shortcode dt-btn dt-btn-m link-hover-off btn-inline-left \" id=\"default-btn-4ffe94875704ce2ac638cb434b19efac\" title=\"G. DE RIESGO\"><span>G. DE RIESGO<\/span><\/a>[\/vc_column][vc_column width=&#8221;1\/6&#8243; offset=&#8221;vc_hidden-xs&#8221;]<style type=\"text\/css\" data-type=\"the7_shortcodes-inline-css\">#default-btn-ed96661c69fa6b7f0d7f11eaef487f8d.ico-right-side > i {\n  margin-right: 0px;\n  margin-left: 8px;\n}\n#default-btn-ed96661c69fa6b7f0d7f11eaef487f8d > i {\n  margin-right: 8px;\n}\n<\/style><a href=\"https:\/\/www.celiacosmas.cl\/?page_id=54\" class=\"default-btn-shortcode dt-btn dt-btn-m link-hover-off btn-inline-left \" id=\"default-btn-ed96661c69fa6b7f0d7f11eaef487f8d\" title=\"GLUTEN\"><span>GLUTEN<\/span><\/a>[\/vc_column][vc_column width=&#8221;1\/6&#8243; offset=&#8221;vc_hidden-xs&#8221;]<style type=\"text\/css\" data-type=\"the7_shortcodes-inline-css\">#default-btn-b6eda39876749c842ba7a6cd2267c8e8.ico-right-side > i {\n  margin-right: 0px;\n  margin-left: 8px;\n}\n#default-btn-b6eda39876749c842ba7a6cd2267c8e8 > i {\n  margin-right: 8px;\n}\n<\/style><a href=\"https:\/\/www.celiacosmas.cl\/?page_id=1101\" class=\"default-btn-shortcode dt-btn dt-btn-m link-hover-off btn-inline-left \" id=\"default-btn-b6eda39876749c842ba7a6cd2267c8e8\" title=\"NUTRICI\u00d3N\"><span>CONTAMINACI\u00d3N<\/span><\/a>[\/vc_column][\/vc_row]<\/p>\n<\/div>","protected":false},"excerpt":{"rendered":"<p>[vc_row type=&#8221;vc_default&#8221; css=&#8221;.vc_custom_1474212455358{margin-bottom: -50px !important;}&#8221;][vc_column width=&#8221;1\/2&#8243; offset=&#8221;vc_col-lg-12 vc_col-md-8 vc_col-xs-12&#8243; css=&#8221;.vc_custom_1731327001437{margin-bottom: 50px !important;padding-top: 0px !important;padding-right: 25px !important;padding-bottom: 25px !important;padding-left: 25px !important;}&#8221;][vc_column_text css=&#8221;.vc_custom_1724694951355{padding-top: 0px !important;padding-bottom: 30px !important;}&#8221;]La nutrici\u00f3n para las personas con enfermedad cel\u00edaca es clave. Una dieta libre de gluten, estricta y de por vida es el \u00fanico tratamiento para aliviar los s\u00edntomas y revertir el&hellip;<\/p>\n","protected":false},"author":1,"featured_media":0,"parent":55,"menu_order":0,"comment_status":"closed","ping_status":"closed","template":"","meta":{"wprm-recipe-roundup-name":"","wprm-recipe-roundup-description":"","footnotes":""},"class_list":["post-41","page","type-page","status-publish","hentry","description-off"],"_links":{"self":[{"href":"https:\/\/www.celiacosmas.cl\/index.php?rest_route=\/wp\/v2\/pages\/41","targetHints":{"allow":["GET"]}}],"collection":[{"href":"https:\/\/www.celiacosmas.cl\/index.php?rest_route=\/wp\/v2\/pages"}],"about":[{"href":"https:\/\/www.celiacosmas.cl\/index.php?rest_route=\/wp\/v2\/types\/page"}],"author":[{"embeddable":true,"href":"https:\/\/www.celiacosmas.cl\/index.php?rest_route=\/wp\/v2\/users\/1"}],"replies":[{"embeddable":true,"href":"https:\/\/www.celiacosmas.cl\/index.php?rest_route=%2Fwp%2Fv2%2Fcomments&post=41"}],"version-history":[{"count":28,"href":"https:\/\/www.celiacosmas.cl\/index.php?rest_route=\/wp\/v2\/pages\/41\/revisions"}],"predecessor-version":[{"id":1143,"href":"https:\/\/www.celiacosmas.cl\/index.php?rest_route=\/wp\/v2\/pages\/41\/revisions\/1143"}],"up":[{"embeddable":true,"href":"https:\/\/www.celiacosmas.cl\/index.php?rest_route=\/wp\/v2\/pages\/55"}],"wp:attachment":[{"href":"https:\/\/www.celiacosmas.cl\/index.php?rest_route=%2Fwp%2Fv2%2Fmedia&parent=41"}],"curies":[{"name":"wp","href":"https:\/\/api.w.org\/{rel}","templated":true}]}}