{"id":301,"date":"2016-06-03T12:15:53","date_gmt":"2016-06-03T11:15:53","guid":{"rendered":"https:\/\/the7.io\/psy\/?page_id=2"},"modified":"2024-10-23T11:22:09","modified_gmt":"2024-10-23T15:22:09","slug":"home","status":"publish","type":"page","link":"https:\/\/www.celiacosmas.cl\/","title":{"rendered":"Inicio"},"content":{"rendered":"<div class=\"wpb-content-wrapper\"><p>[vc_row content_placement=&#8221;middle&#8221; type=&#8221;vc_default&#8221; css=&#8221;.vc_custom_1474212321334{padding-bottom: 55px !important;}&#8221;][vc_column offset=&#8221;vc_col-lg-offset-0 vc_col-lg-6 vc_col-md-offset-0 vc_col-md-6 vc_col-xs-12&#8243;][vc_single_image image=&#8221;861&#8243; img_size=&#8221;800&#215;600&#8243; css=&#8221;.vc_custom_1726067650770{padding-bottom: 30px !important;}&#8221;][\/vc_column][vc_column offset=&#8221;vc_col-lg-6 vc_col-md-6 vc_col-xs-12&#8243;]<div id=\"ultimate-heading-568669ded19b09df8\" class=\"uvc-heading ult-adjust-bottom-margin ultimate-heading-568669ded19b09df8 uvc-7530 \" data-hspacer=\"no_spacer\"  data-halign=\"left\" style=\"text-align:left\"><div class=\"uvc-heading-spacer no_spacer\" style=\"top\"><\/div><div class=\"uvc-main-heading ult-responsive\"  data-ultimate-target='.uvc-heading.ultimate-heading-568669ded19b09df8 h3'  data-responsive-json-new='{\"font-size\":\"desktop:30px;\",\"line-height\":\"desktop:40px;\"}' ><h3 style=\"font-family:&#039;Raleway&#039;;font-weight:600;margin-bottom:20px;\">Enfermedad Cel\u00edaca<\/h3><\/div><\/div>[vc_column_text css=&#8221;.vc_custom_1725055809189{padding-bottom: 30px !important;}&#8221;]La enfermedad cel\u00edaca (EC) o celiaqu\u00eda es una enfermedad multiorg\u00e1nica, autoinmune y cr\u00f3nica, que se presenta en personas gen\u00e9ticamente predispuestas, por la ingesta de gluten y prolaminas relacionadas, con manifestaciones intestinales, nutricionales y en otros \u00f3rganos o sistemas.[\/vc_column_text]<style type=\"text\/css\" data-type=\"the7_shortcodes-inline-css\">#default-btn-86f3cd293fac830f198231e53a5702d3.ico-right-side > i {\n  margin-right: 0px;\n  margin-left: 8px;\n}\n#default-btn-86f3cd293fac830f198231e53a5702d3 > i {\n  margin-right: 8px;\n}\n<\/style><a href=\"https:\/\/www.celiacosmas.cl\/?page_id=55\" class=\"default-btn-shortcode dt-btn dt-btn-m link-hover-off btn-inline-left \" id=\"default-btn-86f3cd293fac830f198231e53a5702d3\" title=\"Enfermedad Cel\u00edaca\"><span>Leer m\u00e1s<\/span><\/a>[\/vc_column][\/vc_row]<\/p>\n<\/div>","protected":false},"excerpt":{"rendered":"<p>[vc_row content_placement=&#8221;middle&#8221; type=&#8221;vc_default&#8221; css=&#8221;.vc_custom_1474212321334{padding-bottom: 55px !important;}&#8221;][vc_column offset=&#8221;vc_col-lg-offset-0 vc_col-lg-6 vc_col-md-offset-0 vc_col-md-6 vc_col-xs-12&#8243;][vc_single_image image=&#8221;861&#8243; img_size=&#8221;800&#215;600&#8243; css=&#8221;.vc_custom_1726067650770{padding-bottom: 30px !important;}&#8221;][\/vc_column][vc_column offset=&#8221;vc_col-lg-6 vc_col-md-6 vc_col-xs-12&#8243;][vc_column_text css=&#8221;.vc_custom_1725055809189{padding-bottom: 30px !important;}&#8221;]La enfermedad cel\u00edaca (EC) o celiaqu\u00eda es una enfermedad multiorg\u00e1nica, autoinmune y cr\u00f3nica, que se presenta en personas gen\u00e9ticamente predispuestas, por la ingesta de gluten y prolaminas relacionadas, con manifestaciones intestinales, nutricionales y en&hellip;<\/p>\n","protected":false},"author":1,"featured_media":0,"parent":0,"menu_order":0,"comment_status":"closed","ping_status":"closed","template":"","meta":{"wprm-recipe-roundup-name":"","wprm-recipe-roundup-description":"","footnotes":""},"class_list":["post-301","page","type-page","status-publish","hentry","description-off"],"_links":{"self":[{"href":"https:\/\/www.celiacosmas.cl\/index.php?rest_route=\/wp\/v2\/pages\/301","targetHints":{"allow":["GET"]}}],"collection":[{"href":"https:\/\/www.celiacosmas.cl\/index.php?rest_route=\/wp\/v2\/pages"}],"about":[{"href":"https:\/\/www.celiacosmas.cl\/index.php?rest_route=\/wp\/v2\/types\/page"}],"author":[{"embeddable":true,"href":"https:\/\/www.celiacosmas.cl\/index.php?rest_route=\/wp\/v2\/users\/1"}],"replies":[{"embeddable":true,"href":"https:\/\/www.celiacosmas.cl\/index.php?rest_route=%2Fwp%2Fv2%2Fcomments&post=301"}],"version-history":[{"count":8,"href":"https:\/\/www.celiacosmas.cl\/index.php?rest_route=\/wp\/v2\/pages\/301\/revisions"}],"predecessor-version":[{"id":1014,"href":"https:\/\/www.celiacosmas.cl\/index.php?rest_route=\/wp\/v2\/pages\/301\/revisions\/1014"}],"wp:attachment":[{"href":"https:\/\/www.celiacosmas.cl\/index.php?rest_route=%2Fwp%2Fv2%2Fmedia&parent=301"}],"curies":[{"name":"wp","href":"https:\/\/api.w.org\/{rel}","templated":true}]}}